{"id":34228,"date":"2024-11-19T02:30:53","date_gmt":"2024-11-19T01:36:40","guid":{"rendered":"https:\/\/alepposhop.eu\/?post_type=product&#038;p=34228"},"modified":"2024-11-19T02:38:42","modified_gmt":"2024-11-19T01:38:42","slug":"weiche-staubige-zuckermandeln","status":"publish","type":"product","link":"https:\/\/alepposhop.eu\/de\/weiche-staubige-zuckermandeln\/","title":{"rendered":"Weiche staubige Zuckermandeln"},"content":{"rendered":"<p style=\"text-align: center\">Gewicht: 250g<\/p>\n<p style=\"text-align: center\">Ger\u00f6stete, heimische Mandeln, umh\u00fcllt mit einer d\u00fcnnen Schicht Zucker<\/p>\n","protected":false},"excerpt":{"rendered":"<p>Gewicht: 250g Ger\u00f6stete, heimische Mandeln, umh\u00fcllt mit einer d\u00fcnnen Schicht Zucker<\/p>\n","protected":false},"featured_media":34226,"template":"","meta":[],"product_brand":[],"product_cat":[72],"product_tag":[],"class_list":{"0":"post-34228","1":"product","2":"type-product","3":"status-publish","4":"has-post-thumbnail","6":"product_cat-orientalische-susigkeiten","8":"first","9":"instock","10":"taxable","11":"shipping-taxable","12":"purchasable","13":"product-type-simple"},"_links":{"self":[{"href":"https:\/\/alepposhop.eu\/de\/wp-json\/wp\/v2\/product\/34228"}],"collection":[{"href":"https:\/\/alepposhop.eu\/de\/wp-json\/wp\/v2\/product"}],"about":[{"href":"https:\/\/alepposhop.eu\/de\/wp-json\/wp\/v2\/types\/product"}],"wp:featuredmedia":[{"embeddable":true,"href":"https:\/\/alepposhop.eu\/de\/wp-json\/wp\/v2\/media\/34226"}],"wp:attachment":[{"href":"https:\/\/alepposhop.eu\/de\/wp-json\/wp\/v2\/media?parent=34228"}],"wp:term":[{"taxonomy":"product_brand","embeddable":true,"href":"https:\/\/alepposhop.eu\/de\/wp-json\/wp\/v2\/product_brand?post=34228"},{"taxonomy":"product_cat","embeddable":true,"href":"https:\/\/alepposhop.eu\/de\/wp-json\/wp\/v2\/product_cat?post=34228"},{"taxonomy":"product_tag","embeddable":true,"href":"https:\/\/alepposhop.eu\/de\/wp-json\/wp\/v2\/product_tag?post=34228"}],"curies":[{"name":"wp","href":"https:\/\/api.w.org\/{rel}","templated":true}]}}