{"id":34262,"date":"2024-11-20T23:48:18","date_gmt":"2024-11-20T22:48:18","guid":{"rendered":"https:\/\/alepposhop.eu\/?post_type=product&#038;p=34262"},"modified":"2024-11-20T23:48:19","modified_gmt":"2024-11-20T22:48:19","slug":"gegrillt-oliven-1-kg","status":"publish","type":"product","link":"https:\/\/alepposhop.eu\/de\/gegrillt-oliven-1-kg\/","title":{"rendered":"Gegrillt Oliven 1 kg"},"content":{"rendered":"<p style=\"text-align: center\">Gewicht: 1000 Gramm<\/p>\n<p style=\"text-align: center\">Bei niedriger Temperatur auf dem Grill ger\u00f6stete Oliven mit nat\u00fcrlichem Oliven\u00f6l und einer Mischung aus Gew\u00fcrzen und Knoblauch<\/p>\n","protected":false},"excerpt":{"rendered":"<p>Gewicht: 1000 Gramm Bei niedriger Temperatur auf dem Grill ger\u00f6stete Oliven mit nat\u00fcrlichem Oliven\u00f6l und einer Mischung aus Gew\u00fcrzen und Knoblauch<\/p>\n","protected":false},"featured_media":0,"template":"","meta":[],"product_brand":[],"product_cat":[67],"product_tag":[5481,5523],"class_list":{"0":"post-34262","1":"product","2":"type-product","3":"status-publish","5":"product_cat-fruhstuck","6":"product_tag---de","7":"product_tag--de","9":"first","10":"instock","11":"taxable","12":"shipping-taxable","13":"purchasable","14":"product-type-simple"},"_links":{"self":[{"href":"https:\/\/alepposhop.eu\/de\/wp-json\/wp\/v2\/product\/34262"}],"collection":[{"href":"https:\/\/alepposhop.eu\/de\/wp-json\/wp\/v2\/product"}],"about":[{"href":"https:\/\/alepposhop.eu\/de\/wp-json\/wp\/v2\/types\/product"}],"wp:attachment":[{"href":"https:\/\/alepposhop.eu\/de\/wp-json\/wp\/v2\/media?parent=34262"}],"wp:term":[{"taxonomy":"product_brand","embeddable":true,"href":"https:\/\/alepposhop.eu\/de\/wp-json\/wp\/v2\/product_brand?post=34262"},{"taxonomy":"product_cat","embeddable":true,"href":"https:\/\/alepposhop.eu\/de\/wp-json\/wp\/v2\/product_cat?post=34262"},{"taxonomy":"product_tag","embeddable":true,"href":"https:\/\/alepposhop.eu\/de\/wp-json\/wp\/v2\/product_tag?post=34262"}],"curies":[{"name":"wp","href":"https:\/\/api.w.org\/{rel}","templated":true}]}}