{"id":34264,"date":"2024-11-20T23:36:48","date_gmt":"2024-11-20T22:36:48","guid":{"rendered":"https:\/\/alepposhop.eu\/gegrillte-oliven-1-kg\/"},"modified":"2025-02-20T14:14:35","modified_gmt":"2025-02-20T13:14:35","slug":"gegrillte-oliven-1-kg","status":"publish","type":"product","link":"https:\/\/alepposhop.eu\/de\/gegrillte-oliven-1-kg\/","title":{"rendered":"Gegrillte Oliven 1 kg (Angebot)"},"content":{"rendered":"<p style=\"text-align: center\">Gewicht: 1000 Gramm<\/p>\n<p style=\"text-align: center\">Bei niedriger Temperatur auf dem Grill ger\u00f6stete Oliven mit nat\u00fcrlichem Oliven\u00f6l und einer Mischung aus Gew\u00fcrzen und Knoblauch<\/p>\n","protected":false},"excerpt":{"rendered":"<p>Gewicht: 1000 Gramm Bei niedriger Temperatur auf dem Grill ger\u00f6stete Oliven mit nat\u00fcrlichem Oliven\u00f6l und einer Mischung aus Gew\u00fcrzen und Knoblauch<\/p>\n","protected":false},"featured_media":35886,"template":"","meta":[],"product_brand":[],"product_cat":[67],"product_tag":[5481,5523],"class_list":{"0":"post-34264","1":"product","2":"type-product","3":"status-publish","4":"has-post-thumbnail","6":"product_cat-fruhstuck","7":"product_tag---de","8":"product_tag--de","10":"first","11":"outofstock","12":"taxable","13":"shipping-taxable","14":"purchasable","15":"product-type-simple"},"_links":{"self":[{"href":"https:\/\/alepposhop.eu\/de\/wp-json\/wp\/v2\/product\/34264"}],"collection":[{"href":"https:\/\/alepposhop.eu\/de\/wp-json\/wp\/v2\/product"}],"about":[{"href":"https:\/\/alepposhop.eu\/de\/wp-json\/wp\/v2\/types\/product"}],"wp:featuredmedia":[{"embeddable":true,"href":"https:\/\/alepposhop.eu\/de\/wp-json\/wp\/v2\/media\/35886"}],"wp:attachment":[{"href":"https:\/\/alepposhop.eu\/de\/wp-json\/wp\/v2\/media?parent=34264"}],"wp:term":[{"taxonomy":"product_brand","embeddable":true,"href":"https:\/\/alepposhop.eu\/de\/wp-json\/wp\/v2\/product_brand?post=34264"},{"taxonomy":"product_cat","embeddable":true,"href":"https:\/\/alepposhop.eu\/de\/wp-json\/wp\/v2\/product_cat?post=34264"},{"taxonomy":"product_tag","embeddable":true,"href":"https:\/\/alepposhop.eu\/de\/wp-json\/wp\/v2\/product_tag?post=34264"}],"curies":[{"name":"wp","href":"https:\/\/api.w.org\/{rel}","templated":true}]}}