{"id":34396,"date":"2025-12-13T14:07:20","date_gmt":"2025-12-13T13:07:20","guid":{"rendered":"https:\/\/alepposhop.eu\/?post_type=product&#038;p=34396"},"modified":"2026-01-08T10:02:45","modified_gmt":"2026-01-08T09:02:45","slug":"fluessig-jameed-kasih","status":"publish","type":"product","link":"https:\/\/alepposhop.eu\/de\/fluessig-jameed-kasih\/","title":{"rendered":"Fl\u00fcssig Jameed Kasih"},"content":{"rendered":"<p style=\"text-align: center\">Gewicht: 1000 g<\/p>\n<p style=\"text-align: center\">Jameed gilt als Hauptbestandteil des ber\u00fchmten und beliebten jordanischen Gerichts (Mansaf), das aus gekochten Lammst\u00fccken besteht und mit Reis, Brot und N\u00fcssen serviert wird.<\/p>\n","protected":false},"excerpt":{"rendered":"<p>Gewicht: 1000 g Jameed gilt als Hauptbestandteil des ber\u00fchmten und beliebten jordanischen Gerichts (Mansaf), das aus gekochten Lammst\u00fccken besteht und mit Reis, Brot und N\u00fcssen serviert wird.<\/p>\n","protected":false},"featured_media":34393,"template":"","meta":[],"product_brand":[],"product_cat":[2355],"product_tag":[],"class_list":{"0":"post-34396","1":"product","2":"type-product","3":"status-publish","4":"has-post-thumbnail","6":"product_cat-konserven","8":"first","9":"outofstock","10":"taxable","11":"shipping-taxable","12":"purchasable","13":"product-type-simple"},"_links":{"self":[{"href":"https:\/\/alepposhop.eu\/de\/wp-json\/wp\/v2\/product\/34396"}],"collection":[{"href":"https:\/\/alepposhop.eu\/de\/wp-json\/wp\/v2\/product"}],"about":[{"href":"https:\/\/alepposhop.eu\/de\/wp-json\/wp\/v2\/types\/product"}],"wp:featuredmedia":[{"embeddable":true,"href":"https:\/\/alepposhop.eu\/de\/wp-json\/wp\/v2\/media\/34393"}],"wp:attachment":[{"href":"https:\/\/alepposhop.eu\/de\/wp-json\/wp\/v2\/media?parent=34396"}],"wp:term":[{"taxonomy":"product_brand","embeddable":true,"href":"https:\/\/alepposhop.eu\/de\/wp-json\/wp\/v2\/product_brand?post=34396"},{"taxonomy":"product_cat","embeddable":true,"href":"https:\/\/alepposhop.eu\/de\/wp-json\/wp\/v2\/product_cat?post=34396"},{"taxonomy":"product_tag","embeddable":true,"href":"https:\/\/alepposhop.eu\/de\/wp-json\/wp\/v2\/product_tag?post=34396"}],"curies":[{"name":"wp","href":"https:\/\/api.w.org\/{rel}","templated":true}]}}