{"id":34592,"date":"2024-12-04T12:37:34","date_gmt":"2024-12-04T11:37:34","guid":{"rendered":"https:\/\/alepposhop.eu\/fenchelsamen\/"},"modified":"2024-12-04T12:37:34","modified_gmt":"2024-12-04T11:37:34","slug":"fenchelsamen","status":"publish","type":"product","link":"https:\/\/alepposhop.eu\/de\/fenchelsamen\/","title":{"rendered":"Fenchelsamen"},"content":{"rendered":"<p style=\"text-align: center\">Gewicht : 100 gr.<\/p>\n<p style=\"text-align: center\">Die Fenchelpflanze ist eine aromatische Pflanze, die \u00d6l mit einem starken, scharfen Geschmack enth\u00e4lt. Sie wird zum W\u00fcrzen von Speisen wie Fleisch und H\u00fchnchen verwendet. Sie wird haupts\u00e4chlich zum W\u00fcrzen von syrischem Geb\u00e4ck und S\u00fc\u00dfigkeiten wie Kleija und Maamoul verwendet.<\/p>\n","protected":false},"excerpt":{"rendered":"<p>Gewicht : 100 gr. Die Fenchelpflanze ist eine aromatische Pflanze, die \u00d6l mit einem starken, scharfen Geschmack enth\u00e4lt. Sie wird zum W\u00fcrzen von Speisen wie Fleisch und H\u00fchnchen verwendet. Sie wird haupts\u00e4chlich zum W\u00fcrzen von syrischem Geb\u00e4ck und S\u00fc\u00dfigkeiten wie Kleija und Maamoul verwendet.<\/p>\n","protected":false},"featured_media":34586,"template":"","meta":[],"product_brand":[],"product_cat":[69],"product_tag":[],"class_list":{"0":"post-34592","1":"product","2":"type-product","3":"status-publish","4":"has-post-thumbnail","6":"product_cat-gewurze-und-wurzen","8":"first","9":"instock","10":"taxable","11":"shipping-taxable","12":"purchasable","13":"product-type-simple"},"_links":{"self":[{"href":"https:\/\/alepposhop.eu\/de\/wp-json\/wp\/v2\/product\/34592"}],"collection":[{"href":"https:\/\/alepposhop.eu\/de\/wp-json\/wp\/v2\/product"}],"about":[{"href":"https:\/\/alepposhop.eu\/de\/wp-json\/wp\/v2\/types\/product"}],"wp:featuredmedia":[{"embeddable":true,"href":"https:\/\/alepposhop.eu\/de\/wp-json\/wp\/v2\/media\/34586"}],"wp:attachment":[{"href":"https:\/\/alepposhop.eu\/de\/wp-json\/wp\/v2\/media?parent=34592"}],"wp:term":[{"taxonomy":"product_brand","embeddable":true,"href":"https:\/\/alepposhop.eu\/de\/wp-json\/wp\/v2\/product_brand?post=34592"},{"taxonomy":"product_cat","embeddable":true,"href":"https:\/\/alepposhop.eu\/de\/wp-json\/wp\/v2\/product_cat?post=34592"},{"taxonomy":"product_tag","embeddable":true,"href":"https:\/\/alepposhop.eu\/de\/wp-json\/wp\/v2\/product_tag?post=34592"}],"curies":[{"name":"wp","href":"https:\/\/api.w.org\/{rel}","templated":true}]}}