{"id":34621,"date":"2024-12-05T21:55:03","date_gmt":"2024-12-05T20:55:03","guid":{"rendered":"https:\/\/alepposhop.eu\/grmalehnerkuemmelsamen-caraway\/"},"modified":"2024-12-05T21:55:03","modified_gmt":"2024-12-05T20:55:03","slug":"grmalehnerkuemmelsamen-caraway","status":"publish","type":"product","link":"https:\/\/alepposhop.eu\/de\/grmalehnerkuemmelsamen-caraway\/","title":{"rendered":"Grmalehnerk\u00fcmmelsamen (Caraway)"},"content":{"rendered":"<p style=\"text-align: center\">Gewicht : 100 gr.<\/p>\n<p style=\"text-align: center\">Gemahlener K\u00fcmmel hat einen starken Geschmack mit k\u00f6stlichem\u00a0Geruch und wird in S\u00fc\u00dfigkeiten verwendet. Er bietet auch viele Vorteile f\u00fcr stillende M\u00fctter.<\/p>\n","protected":false},"excerpt":{"rendered":"<p>Gewicht : 100 gr. Gemahlener K\u00fcmmel hat einen starken Geschmack mit k\u00f6stlichem\u00a0Geruch und wird in S\u00fc\u00dfigkeiten verwendet. Er bietet auch viele Vorteile f\u00fcr stillende M\u00fctter.<\/p>\n","protected":false},"featured_media":34617,"template":"","meta":[],"product_brand":[],"product_cat":[69],"product_tag":[],"class_list":{"0":"post-34621","1":"product","2":"type-product","3":"status-publish","4":"has-post-thumbnail","6":"product_cat-gewurze-und-wurzen","8":"first","9":"instock","10":"taxable","11":"shipping-taxable","12":"purchasable","13":"product-type-simple"},"_links":{"self":[{"href":"https:\/\/alepposhop.eu\/de\/wp-json\/wp\/v2\/product\/34621"}],"collection":[{"href":"https:\/\/alepposhop.eu\/de\/wp-json\/wp\/v2\/product"}],"about":[{"href":"https:\/\/alepposhop.eu\/de\/wp-json\/wp\/v2\/types\/product"}],"wp:featuredmedia":[{"embeddable":true,"href":"https:\/\/alepposhop.eu\/de\/wp-json\/wp\/v2\/media\/34617"}],"wp:attachment":[{"href":"https:\/\/alepposhop.eu\/de\/wp-json\/wp\/v2\/media?parent=34621"}],"wp:term":[{"taxonomy":"product_brand","embeddable":true,"href":"https:\/\/alepposhop.eu\/de\/wp-json\/wp\/v2\/product_brand?post=34621"},{"taxonomy":"product_cat","embeddable":true,"href":"https:\/\/alepposhop.eu\/de\/wp-json\/wp\/v2\/product_cat?post=34621"},{"taxonomy":"product_tag","embeddable":true,"href":"https:\/\/alepposhop.eu\/de\/wp-json\/wp\/v2\/product_tag?post=34621"}],"curies":[{"name":"wp","href":"https:\/\/api.w.org\/{rel}","templated":true}]}}