{"id":35062,"date":"2025-01-06T01:38:23","date_gmt":"2025-01-06T00:38:23","guid":{"rendered":"https:\/\/alepposhop.eu\/moehren-gefuellte-oliven\/"},"modified":"2025-01-06T01:38:23","modified_gmt":"2025-01-06T00:38:23","slug":"moehren-gefuellte-oliven","status":"publish","type":"product","link":"https:\/\/alepposhop.eu\/de\/moehren-gefuellte-oliven\/","title":{"rendered":"M\u00f6hren gef\u00fcllte Oliven"},"content":{"rendered":"<p style=\"text-align: center\">\nGewicht: 250 g<\/p>\n<p style=\"text-align: center\">Gr\u00fcne Oliven gef\u00fcllt mit k\u00f6stlichen M\u00f6hrenst\u00fcckchen<\/p>\n","protected":false},"excerpt":{"rendered":"<p>Gewicht: 250 g Gr\u00fcne Oliven gef\u00fcllt mit k\u00f6stlichen M\u00f6hrenst\u00fcckchen<\/p>\n","protected":false},"featured_media":35059,"template":"","meta":[],"product_brand":[],"product_cat":[67],"product_tag":[5480,5482,5499,5523],"class_list":{"0":"post-35062","1":"product","2":"type-product","3":"status-publish","4":"has-post-thumbnail","6":"product_cat-fruhstuck","7":"product_tag--de","12":"first","13":"outofstock","14":"taxable","15":"shipping-taxable","16":"purchasable","17":"product-type-simple"},"_links":{"self":[{"href":"https:\/\/alepposhop.eu\/de\/wp-json\/wp\/v2\/product\/35062"}],"collection":[{"href":"https:\/\/alepposhop.eu\/de\/wp-json\/wp\/v2\/product"}],"about":[{"href":"https:\/\/alepposhop.eu\/de\/wp-json\/wp\/v2\/types\/product"}],"wp:featuredmedia":[{"embeddable":true,"href":"https:\/\/alepposhop.eu\/de\/wp-json\/wp\/v2\/media\/35059"}],"wp:attachment":[{"href":"https:\/\/alepposhop.eu\/de\/wp-json\/wp\/v2\/media?parent=35062"}],"wp:term":[{"taxonomy":"product_brand","embeddable":true,"href":"https:\/\/alepposhop.eu\/de\/wp-json\/wp\/v2\/product_brand?post=35062"},{"taxonomy":"product_cat","embeddable":true,"href":"https:\/\/alepposhop.eu\/de\/wp-json\/wp\/v2\/product_cat?post=35062"},{"taxonomy":"product_tag","embeddable":true,"href":"https:\/\/alepposhop.eu\/de\/wp-json\/wp\/v2\/product_tag?post=35062"}],"curies":[{"name":"wp","href":"https:\/\/api.w.org\/{rel}","templated":true}]}}