{"id":35115,"date":"2025-01-10T19:41:39","date_gmt":"2025-01-10T18:41:39","guid":{"rendered":"https:\/\/alepposhop.eu\/dermovate-salbe\/"},"modified":"2025-01-10T19:41:39","modified_gmt":"2025-01-10T18:41:39","slug":"dermovate-salbe","status":"publish","type":"product","link":"https:\/\/alepposhop.eu\/de\/dermovate-salbe\/","title":{"rendered":"Dermovate Salbe"},"content":{"rendered":"<p style=\"text-align: center\">Gewicht: 30 Gramm<\/p>\n<p style=\"text-align: center\">Eine topische Behandlung f\u00fcr Entz\u00fcndungen und Juckreiz, die durch eine Reihe von Hautkrankheiten verursacht werden, wie z. B. Allergien, Ekzeme und Psoriasis mittleren bis schweren Grades. Es reduziert auch entz\u00fcndliche Symptome wie Abschuppung und R\u00f6tung, die die Haut infolge dieser Krankheiten beeintr\u00e4chtigen.<\/p>\n","protected":false},"excerpt":{"rendered":"<p>Gewicht: 30 Gramm Eine topische Behandlung f\u00fcr Entz\u00fcndungen und Juckreiz, die durch eine Reihe von Hautkrankheiten verursacht werden, wie z. B. Allergien, Ekzeme und Psoriasis mittleren bis schweren Grades. Es reduziert auch entz\u00fcndliche Symptome wie Abschuppung und R\u00f6tung, die die Haut infolge dieser Krankheiten beeintr\u00e4chtigen.<\/p>\n","protected":false},"featured_media":35113,"template":"","meta":[],"product_brand":[],"product_cat":[75],"product_tag":[],"class_list":{"0":"post-35115","1":"product","2":"type-product","3":"status-publish","4":"has-post-thumbnail","6":"product_cat-schonheit-und-gesundheit","8":"first","9":"outofstock","10":"taxable","11":"shipping-taxable","12":"purchasable","13":"product-type-simple"},"_links":{"self":[{"href":"https:\/\/alepposhop.eu\/de\/wp-json\/wp\/v2\/product\/35115"}],"collection":[{"href":"https:\/\/alepposhop.eu\/de\/wp-json\/wp\/v2\/product"}],"about":[{"href":"https:\/\/alepposhop.eu\/de\/wp-json\/wp\/v2\/types\/product"}],"wp:featuredmedia":[{"embeddable":true,"href":"https:\/\/alepposhop.eu\/de\/wp-json\/wp\/v2\/media\/35113"}],"wp:attachment":[{"href":"https:\/\/alepposhop.eu\/de\/wp-json\/wp\/v2\/media?parent=35115"}],"wp:term":[{"taxonomy":"product_brand","embeddable":true,"href":"https:\/\/alepposhop.eu\/de\/wp-json\/wp\/v2\/product_brand?post=35115"},{"taxonomy":"product_cat","embeddable":true,"href":"https:\/\/alepposhop.eu\/de\/wp-json\/wp\/v2\/product_cat?post=35115"},{"taxonomy":"product_tag","embeddable":true,"href":"https:\/\/alepposhop.eu\/de\/wp-json\/wp\/v2\/product_tag?post=35115"}],"curies":[{"name":"wp","href":"https:\/\/api.w.org\/{rel}","templated":true}]}}