{"id":35127,"date":"2025-01-10T20:15:23","date_gmt":"2025-01-10T19:15:23","guid":{"rendered":"https:\/\/alepposhop.eu\/weihrauch-gemahlen\/"},"modified":"2025-01-10T20:15:23","modified_gmt":"2025-01-10T19:15:23","slug":"weihrauch-gemahlen","status":"publish","type":"product","link":"https:\/\/alepposhop.eu\/de\/weihrauch-gemahlen\/","title":{"rendered":"Weihrauch ( gemahlen )"},"content":{"rendered":"<p style=\"text-align: center\">g Gewicht: 100<\/p>\n<p>Weihrauch besteht aus aromatischen \u00d6len und l\u00f6slichem Gummi. Weihrauch hat viele gesundheitliche Vorteile f\u00fcr den K\u00f6rper. Es gilt als nat\u00fcrliches Kollagen f\u00fcr die Haut.<\/p>\n","protected":false},"excerpt":{"rendered":"<p>g Gewicht: 100 Weihrauch besteht aus aromatischen \u00d6len und l\u00f6slichem Gummi. Weihrauch hat viele gesundheitliche Vorteile f\u00fcr den K\u00f6rper. Es gilt als nat\u00fcrliches Kollagen f\u00fcr die Haut.<\/p>\n","protected":false},"featured_media":35125,"template":"","meta":[],"product_brand":[],"product_cat":[70,75,76],"product_tag":[],"class_list":{"0":"post-35127","1":"product","2":"type-product","3":"status-publish","4":"has-post-thumbnail","6":"product_cat-krauter-und-ptisan","7":"product_cat-schonheit-und-gesundheit","8":"product_cat-personliche-hygiene","10":"first","11":"instock","12":"taxable","13":"shipping-taxable","14":"purchasable","15":"product-type-simple"},"_links":{"self":[{"href":"https:\/\/alepposhop.eu\/de\/wp-json\/wp\/v2\/product\/35127"}],"collection":[{"href":"https:\/\/alepposhop.eu\/de\/wp-json\/wp\/v2\/product"}],"about":[{"href":"https:\/\/alepposhop.eu\/de\/wp-json\/wp\/v2\/types\/product"}],"wp:featuredmedia":[{"embeddable":true,"href":"https:\/\/alepposhop.eu\/de\/wp-json\/wp\/v2\/media\/35125"}],"wp:attachment":[{"href":"https:\/\/alepposhop.eu\/de\/wp-json\/wp\/v2\/media?parent=35127"}],"wp:term":[{"taxonomy":"product_brand","embeddable":true,"href":"https:\/\/alepposhop.eu\/de\/wp-json\/wp\/v2\/product_brand?post=35127"},{"taxonomy":"product_cat","embeddable":true,"href":"https:\/\/alepposhop.eu\/de\/wp-json\/wp\/v2\/product_cat?post=35127"},{"taxonomy":"product_tag","embeddable":true,"href":"https:\/\/alepposhop.eu\/de\/wp-json\/wp\/v2\/product_tag?post=35127"}],"curies":[{"name":"wp","href":"https:\/\/api.w.org\/{rel}","templated":true}]}}