{"id":35134,"date":"2025-01-10T20:30:50","date_gmt":"2025-01-10T19:30:50","guid":{"rendered":"https:\/\/alepposhop.eu\/eukalyptusblaettern\/"},"modified":"2025-01-10T20:30:50","modified_gmt":"2025-01-10T19:30:50","slug":"eukalyptusblaettern","status":"publish","type":"product","link":"https:\/\/alepposhop.eu\/de\/eukalyptusblaettern\/","title":{"rendered":"Eukalyptusbl\u00e4ttern"},"content":{"rendered":"<p style=\"text-align: center\">Gewicht : 50 gr.<\/p>\n<p style=\"text-align: center\">Eukalyptusbl\u00e4ttern werden zahlreiche medizinische Eigenschaften zugeschrieben und sie k\u00f6nnen bei der Behandlung von Erkrankungen wie Verbrennungen, Geschw\u00fcren, Akne, Zahnfleischbluten, Blasenerkrankungen, Diabetes, Leber- und Gallenblasenproblemen, Appetitlosigkeit und vielen anderen Beschwerden hilfreich sein.<\/p>\n","protected":false},"excerpt":{"rendered":"<p>Gewicht : 50 gr. Eukalyptusbl\u00e4ttern werden zahlreiche medizinische Eigenschaften zugeschrieben und sie k\u00f6nnen bei der Behandlung von Erkrankungen wie Verbrennungen, Geschw\u00fcren, Akne, Zahnfleischbluten, Blasenerkrankungen, Diabetes, Leber- und Gallenblasenproblemen, Appetitlosigkeit und vielen anderen Beschwerden hilfreich sein.<\/p>\n","protected":false},"featured_media":35132,"template":"","meta":[],"product_brand":[],"product_cat":[70],"product_tag":[],"class_list":{"0":"post-35134","1":"product","2":"type-product","3":"status-publish","4":"has-post-thumbnail","6":"product_cat-krauter-und-ptisan","8":"first","9":"instock","10":"taxable","11":"shipping-taxable","12":"purchasable","13":"product-type-simple"},"_links":{"self":[{"href":"https:\/\/alepposhop.eu\/de\/wp-json\/wp\/v2\/product\/35134"}],"collection":[{"href":"https:\/\/alepposhop.eu\/de\/wp-json\/wp\/v2\/product"}],"about":[{"href":"https:\/\/alepposhop.eu\/de\/wp-json\/wp\/v2\/types\/product"}],"wp:featuredmedia":[{"embeddable":true,"href":"https:\/\/alepposhop.eu\/de\/wp-json\/wp\/v2\/media\/35132"}],"wp:attachment":[{"href":"https:\/\/alepposhop.eu\/de\/wp-json\/wp\/v2\/media?parent=35134"}],"wp:term":[{"taxonomy":"product_brand","embeddable":true,"href":"https:\/\/alepposhop.eu\/de\/wp-json\/wp\/v2\/product_brand?post=35134"},{"taxonomy":"product_cat","embeddable":true,"href":"https:\/\/alepposhop.eu\/de\/wp-json\/wp\/v2\/product_cat?post=35134"},{"taxonomy":"product_tag","embeddable":true,"href":"https:\/\/alepposhop.eu\/de\/wp-json\/wp\/v2\/product_tag?post=35134"}],"curies":[{"name":"wp","href":"https:\/\/api.w.org\/{rel}","templated":true}]}}