{"id":35192,"date":"2025-01-16T03:22:59","date_gmt":"2025-01-16T02:22:59","guid":{"rendered":"https:\/\/alepposhop.eu\/musk-al-tahara-seife\/"},"modified":"2025-01-16T03:22:59","modified_gmt":"2025-01-16T02:22:59","slug":"musk-al-tahara-seife","status":"publish","type":"product","link":"https:\/\/alepposhop.eu\/de\/musk-al-tahara-seife\/","title":{"rendered":"Musk Al Tahara Seife"},"content":{"rendered":"<p style=\"text-align: center\">Moschus ist eine wohlriechende Substanz mit einem sch\u00f6nen Duft, die die Araber seit der Antike f\u00fcr Parf\u00fcms verwenden. Es ist eine der teuersten aromatischen Substanzen und hat neben der Verwendung als Parf\u00fcm noch viele weitere Verwendungsm\u00f6glichkeiten. Eine der bekanntesten dieser Verwendungen ist seine Verwendung bei der Seifenherstellung.<\/p>\n","protected":false},"excerpt":{"rendered":"<p>Moschus ist eine wohlriechende Substanz mit einem sch\u00f6nen Duft, die die Araber seit der Antike f\u00fcr Parf\u00fcms verwenden. Es ist eine der teuersten aromatischen Substanzen und hat neben der Verwendung als Parf\u00fcm noch viele weitere Verwendungsm\u00f6glichkeiten. Eine der bekanntesten dieser Verwendungen ist seine Verwendung bei der Seifenherstellung.<\/p>\n","protected":false},"featured_media":35190,"template":"","meta":[],"product_brand":[],"product_cat":[75],"product_tag":[],"class_list":{"0":"post-35192","1":"product","2":"type-product","3":"status-publish","4":"has-post-thumbnail","6":"product_cat-schonheit-und-gesundheit","8":"first","9":"instock","10":"taxable","11":"shipping-taxable","12":"purchasable","13":"product-type-simple"},"_links":{"self":[{"href":"https:\/\/alepposhop.eu\/de\/wp-json\/wp\/v2\/product\/35192"}],"collection":[{"href":"https:\/\/alepposhop.eu\/de\/wp-json\/wp\/v2\/product"}],"about":[{"href":"https:\/\/alepposhop.eu\/de\/wp-json\/wp\/v2\/types\/product"}],"wp:featuredmedia":[{"embeddable":true,"href":"https:\/\/alepposhop.eu\/de\/wp-json\/wp\/v2\/media\/35190"}],"wp:attachment":[{"href":"https:\/\/alepposhop.eu\/de\/wp-json\/wp\/v2\/media?parent=35192"}],"wp:term":[{"taxonomy":"product_brand","embeddable":true,"href":"https:\/\/alepposhop.eu\/de\/wp-json\/wp\/v2\/product_brand?post=35192"},{"taxonomy":"product_cat","embeddable":true,"href":"https:\/\/alepposhop.eu\/de\/wp-json\/wp\/v2\/product_cat?post=35192"},{"taxonomy":"product_tag","embeddable":true,"href":"https:\/\/alepposhop.eu\/de\/wp-json\/wp\/v2\/product_tag?post=35192"}],"curies":[{"name":"wp","href":"https:\/\/api.w.org\/{rel}","templated":true}]}}