{"id":35865,"date":"2025-02-20T13:37:58","date_gmt":"2025-02-20T12:37:58","guid":{"rendered":"https:\/\/alepposhop.eu\/?post_type=product&#038;p=35865"},"modified":"2026-02-09T01:22:55","modified_gmt":"2026-02-09T00:22:55","slug":"%d8%b9%d8%b5%d9%8a%d8%b1-%d8%a7%d9%84%d8%ac%d9%84%d8%a7%d8%a8-%d8%a7%d9%84%d9%85%d8%b1%d9%83%d8%b2-1-%d9%83%d8%ba","status":"publish","type":"product","link":"https:\/\/alepposhop.eu\/de\/%d8%b9%d8%b5%d9%8a%d8%b1-%d8%a7%d9%84%d8%ac%d9%84%d8%a7%d8%a8-%d8%a7%d9%84%d9%85%d8%b1%d9%83%d8%b2-1-%d9%83%d8%ba\/","title":{"rendered":"Jallab Syrup 1 Kg (Angebot)"},"content":{"rendered":"<ol>\n<li dir=\"ltr\" style=\"text-align: center\">Gewicht:1000 gr.<\/li>\n<\/ol>\n<p style=\"text-align: center\">Jallab Sirup ist einer der ber\u00fchmten Ramadan-Getr\u00e4nke mit einem leckeren und erfrischenden Geschmack, der durst, 100% nat\u00fcrlich<\/p>\n","protected":false},"excerpt":{"rendered":"<p>Gewicht:1000 gr. Jallab Sirup ist einer der ber\u00fchmten Ramadan-Getr\u00e4nke mit einem leckeren und erfrischenden Geschmack, der durst, 100% nat\u00fcrlich<\/p>\n","protected":false},"featured_media":35869,"template":"","meta":[],"product_brand":[],"product_cat":[5845,74,2279],"product_tag":[],"class_list":{"0":"post-35865","1":"product","2":"type-product","3":"status-publish","4":"has-post-thumbnail","6":"product_cat-auktion","7":"product_cat-getranke-und-safte","8":"product_cat-saisonale-angebote","10":"first","11":"instock","12":"sale","13":"taxable","14":"shipping-taxable","15":"purchasable","16":"product-type-simple"},"_links":{"self":[{"href":"https:\/\/alepposhop.eu\/de\/wp-json\/wp\/v2\/product\/35865"}],"collection":[{"href":"https:\/\/alepposhop.eu\/de\/wp-json\/wp\/v2\/product"}],"about":[{"href":"https:\/\/alepposhop.eu\/de\/wp-json\/wp\/v2\/types\/product"}],"wp:featuredmedia":[{"embeddable":true,"href":"https:\/\/alepposhop.eu\/de\/wp-json\/wp\/v2\/media\/35869"}],"wp:attachment":[{"href":"https:\/\/alepposhop.eu\/de\/wp-json\/wp\/v2\/media?parent=35865"}],"wp:term":[{"taxonomy":"product_brand","embeddable":true,"href":"https:\/\/alepposhop.eu\/de\/wp-json\/wp\/v2\/product_brand?post=35865"},{"taxonomy":"product_cat","embeddable":true,"href":"https:\/\/alepposhop.eu\/de\/wp-json\/wp\/v2\/product_cat?post=35865"},{"taxonomy":"product_tag","embeddable":true,"href":"https:\/\/alepposhop.eu\/de\/wp-json\/wp\/v2\/product_tag?post=35865"}],"curies":[{"name":"wp","href":"https:\/\/api.w.org\/{rel}","templated":true}]}}