{"id":35894,"date":"2025-02-20T14:21:14","date_gmt":"2025-02-20T13:21:14","guid":{"rendered":"https:\/\/alepposhop.eu\/getrockneten-feigen-angebot\/"},"modified":"2025-03-13T01:53:20","modified_gmt":"2025-03-13T00:53:20","slug":"getrockneten-feigen-angebot","status":"publish","type":"product","link":"https:\/\/alepposhop.eu\/de\/getrockneten-feigen-angebot\/","title":{"rendered":"Getrockneten Feigen (Angebot) 300gr+300gr"},"content":{"rendered":"<p style=\"text-align: center\">Gewicht: 700 g<\/p>\n<p style=\"text-align: center\">Getrocknete Feigen sind ein einzigartiges Naturprodukt, das durch die Trocknung einen reichen, konzentrierten Geschmack und zahlreiche gesundheitliche Vorteile bietet. Die Feigen werden sorgf\u00e4ltig ausgew\u00e4hlt und langsam getrocknet, um ihren nat\u00fcrlichen Geschmack und N\u00e4hrwert zu bewahren. Es verf\u00fcgt \u00fcber eine leuchtend goldene Farbe, die seine hohe Qualit\u00e4t widerspiegelt.<\/p>\n","protected":false},"excerpt":{"rendered":"<p>Gewicht: 700 g Getrocknete Feigen sind ein einzigartiges Naturprodukt, das durch die Trocknung einen reichen, konzentrierten Geschmack und zahlreiche gesundheitliche Vorteile bietet. Die Feigen werden sorgf\u00e4ltig ausgew\u00e4hlt und langsam getrocknet, um ihren nat\u00fcrlichen Geschmack und N\u00e4hrwert zu bewahren. Es verf\u00fcgt \u00fcber eine leuchtend goldene Farbe, die seine hohe Qualit\u00e4t widerspiegelt.<\/p>\n","protected":false},"featured_media":35892,"template":"","meta":[],"product_brand":[],"product_cat":[72],"product_tag":[],"class_list":{"0":"post-35894","1":"product","2":"type-product","3":"status-publish","4":"has-post-thumbnail","6":"product_cat-orientalische-susigkeiten","8":"first","9":"outofstock","10":"taxable","11":"shipping-taxable","12":"purchasable","13":"product-type-simple"},"_links":{"self":[{"href":"https:\/\/alepposhop.eu\/de\/wp-json\/wp\/v2\/product\/35894"}],"collection":[{"href":"https:\/\/alepposhop.eu\/de\/wp-json\/wp\/v2\/product"}],"about":[{"href":"https:\/\/alepposhop.eu\/de\/wp-json\/wp\/v2\/types\/product"}],"wp:featuredmedia":[{"embeddable":true,"href":"https:\/\/alepposhop.eu\/de\/wp-json\/wp\/v2\/media\/35892"}],"wp:attachment":[{"href":"https:\/\/alepposhop.eu\/de\/wp-json\/wp\/v2\/media?parent=35894"}],"wp:term":[{"taxonomy":"product_brand","embeddable":true,"href":"https:\/\/alepposhop.eu\/de\/wp-json\/wp\/v2\/product_brand?post=35894"},{"taxonomy":"product_cat","embeddable":true,"href":"https:\/\/alepposhop.eu\/de\/wp-json\/wp\/v2\/product_cat?post=35894"},{"taxonomy":"product_tag","embeddable":true,"href":"https:\/\/alepposhop.eu\/de\/wp-json\/wp\/v2\/product_tag?post=35894"}],"curies":[{"name":"wp","href":"https:\/\/api.w.org\/{rel}","templated":true}]}}