{"id":36415,"date":"2025-03-03T23:47:26","date_gmt":"2025-03-03T22:47:26","guid":{"rendered":"https:\/\/alepposhop.eu\/barazek-mit-pistazien\/"},"modified":"2025-03-04T13:36:28","modified_gmt":"2025-03-04T12:36:28","slug":"barazek-mit-pistazien","status":"publish","type":"product","link":"https:\/\/alepposhop.eu\/de\/barazek-mit-pistazien\/","title":{"rendered":"Barazek mit Pistazien"},"content":{"rendered":"<p style=\"text-align: center\">Gewicht: 750 Gramm<\/p>\n<p style=\"text-align: center\">Barazek ist eine S\u00fc\u00dfigkeit syrischen Ursprungs und gilt als eine der ber\u00fchmtesten arabischen S\u00fc\u00dfspeisen. Sie besteht aus knusprigen runden St\u00fccken, die mit Sesam \u00fcberzogen sind.<\/p>\n","protected":false},"excerpt":{"rendered":"<p>Gewicht: 750 Gramm Barazek ist eine S\u00fc\u00dfigkeit syrischen Ursprungs und gilt als eine der ber\u00fchmtesten arabischen S\u00fc\u00dfspeisen. Sie besteht aus knusprigen runden St\u00fccken, die mit Sesam \u00fcberzogen sind.<\/p>\n","protected":false},"featured_media":36413,"template":"","meta":[],"product_brand":[],"product_cat":[72],"product_tag":[],"class_list":{"0":"post-36415","1":"product","2":"type-product","3":"status-publish","4":"has-post-thumbnail","6":"product_cat-orientalische-susigkeiten","8":"first","9":"outofstock","10":"sold-individually","11":"taxable","12":"shipping-taxable","13":"purchasable","14":"product-type-simple"},"_links":{"self":[{"href":"https:\/\/alepposhop.eu\/de\/wp-json\/wp\/v2\/product\/36415"}],"collection":[{"href":"https:\/\/alepposhop.eu\/de\/wp-json\/wp\/v2\/product"}],"about":[{"href":"https:\/\/alepposhop.eu\/de\/wp-json\/wp\/v2\/types\/product"}],"wp:featuredmedia":[{"embeddable":true,"href":"https:\/\/alepposhop.eu\/de\/wp-json\/wp\/v2\/media\/36413"}],"wp:attachment":[{"href":"https:\/\/alepposhop.eu\/de\/wp-json\/wp\/v2\/media?parent=36415"}],"wp:term":[{"taxonomy":"product_brand","embeddable":true,"href":"https:\/\/alepposhop.eu\/de\/wp-json\/wp\/v2\/product_brand?post=36415"},{"taxonomy":"product_cat","embeddable":true,"href":"https:\/\/alepposhop.eu\/de\/wp-json\/wp\/v2\/product_cat?post=36415"},{"taxonomy":"product_tag","embeddable":true,"href":"https:\/\/alepposhop.eu\/de\/wp-json\/wp\/v2\/product_tag?post=36415"}],"curies":[{"name":"wp","href":"https:\/\/api.w.org\/{rel}","templated":true}]}}