{"id":36937,"date":"2025-03-18T20:45:40","date_gmt":"2025-03-19T01:04:15","guid":{"rendered":"https:\/\/alepposhop.eu\/?post_type=product&#038;p=36937"},"modified":"2025-03-19T02:04:15","modified_gmt":"2025-03-19T01:04:15","slug":"lakritzbonbons-nashed-swissral","status":"publish","type":"product","link":"https:\/\/alepposhop.eu\/de\/lakritzbonbons-nashed-swissral\/","title":{"rendered":"Lakritzbonbons (Nashed\/swissral)"},"content":{"rendered":"<p style=\"text-align: center\">Gewicht: 250g<\/p>\n<p style=\"text-align: center\">Die S\u00fc\u00dfigkeiten von Nashed Brothers sind ber\u00fchmt und k\u00f6stlich und haben einen unverwechselbaren Lakritzgeschmack.<\/p>\n","protected":false},"excerpt":{"rendered":"<p>Gewicht: 250g Die S\u00fc\u00dfigkeiten von Nashed Brothers sind ber\u00fchmt und k\u00f6stlich und haben einen unverwechselbaren Lakritzgeschmack.<\/p>\n","protected":false},"featured_media":37009,"template":"","meta":[],"product_brand":[],"product_cat":[73],"product_tag":[3497],"class_list":{"0":"post-36937","1":"product","2":"type-product","3":"status-publish","4":"has-post-thumbnail","6":"product_cat-bonbons-und-kekse","7":"product_tag-delights-de","9":"first","10":"instock","11":"taxable","12":"shipping-taxable","13":"purchasable","14":"product-type-simple"},"_links":{"self":[{"href":"https:\/\/alepposhop.eu\/de\/wp-json\/wp\/v2\/product\/36937"}],"collection":[{"href":"https:\/\/alepposhop.eu\/de\/wp-json\/wp\/v2\/product"}],"about":[{"href":"https:\/\/alepposhop.eu\/de\/wp-json\/wp\/v2\/types\/product"}],"wp:featuredmedia":[{"embeddable":true,"href":"https:\/\/alepposhop.eu\/de\/wp-json\/wp\/v2\/media\/37009"}],"wp:attachment":[{"href":"https:\/\/alepposhop.eu\/de\/wp-json\/wp\/v2\/media?parent=36937"}],"wp:term":[{"taxonomy":"product_brand","embeddable":true,"href":"https:\/\/alepposhop.eu\/de\/wp-json\/wp\/v2\/product_brand?post=36937"},{"taxonomy":"product_cat","embeddable":true,"href":"https:\/\/alepposhop.eu\/de\/wp-json\/wp\/v2\/product_cat?post=36937"},{"taxonomy":"product_tag","embeddable":true,"href":"https:\/\/alepposhop.eu\/de\/wp-json\/wp\/v2\/product_tag?post=36937"}],"curies":[{"name":"wp","href":"https:\/\/api.w.org\/{rel}","templated":true}]}}