{"id":37046,"date":"2025-03-19T01:56:38","date_gmt":"2025-03-19T00:56:38","guid":{"rendered":"https:\/\/alepposhop.eu\/schokoladen-mo-bonbons-nashed-swessral\/"},"modified":"2025-03-19T01:56:38","modified_gmt":"2025-03-19T00:56:38","slug":"schokoladen-mo-bonbons-nashed-swessral","status":"publish","type":"product","link":"https:\/\/alepposhop.eu\/de\/schokoladen-mo-bonbons-nashed-swessral\/","title":{"rendered":"Schokoladen Mo bonbons (Nashed\/Swessral)"},"content":{"rendered":"<p style=\"text-align: center\">Gewicht: 250g<\/p>\n<p style=\"text-align: center\">Die ber\u00fchmten und unverwechselbaren S\u00fc\u00dfigkeiten mit Schokoladengeschmack<\/p>\n","protected":false},"excerpt":{"rendered":"<p>Gewicht: 250g Die ber\u00fchmten und unverwechselbaren S\u00fc\u00dfigkeiten mit Schokoladengeschmack<\/p>\n","protected":false},"featured_media":37044,"template":"","meta":[],"product_brand":[],"product_cat":[73],"product_tag":[],"class_list":{"0":"post-37046","1":"product","2":"type-product","3":"status-publish","4":"has-post-thumbnail","6":"product_cat-bonbons-und-kekse","8":"first","9":"instock","10":"taxable","11":"shipping-taxable","12":"purchasable","13":"product-type-simple"},"_links":{"self":[{"href":"https:\/\/alepposhop.eu\/de\/wp-json\/wp\/v2\/product\/37046"}],"collection":[{"href":"https:\/\/alepposhop.eu\/de\/wp-json\/wp\/v2\/product"}],"about":[{"href":"https:\/\/alepposhop.eu\/de\/wp-json\/wp\/v2\/types\/product"}],"wp:featuredmedia":[{"embeddable":true,"href":"https:\/\/alepposhop.eu\/de\/wp-json\/wp\/v2\/media\/37044"}],"wp:attachment":[{"href":"https:\/\/alepposhop.eu\/de\/wp-json\/wp\/v2\/media?parent=37046"}],"wp:term":[{"taxonomy":"product_brand","embeddable":true,"href":"https:\/\/alepposhop.eu\/de\/wp-json\/wp\/v2\/product_brand?post=37046"},{"taxonomy":"product_cat","embeddable":true,"href":"https:\/\/alepposhop.eu\/de\/wp-json\/wp\/v2\/product_cat?post=37046"},{"taxonomy":"product_tag","embeddable":true,"href":"https:\/\/alepposhop.eu\/de\/wp-json\/wp\/v2\/product_tag?post=37046"}],"curies":[{"name":"wp","href":"https:\/\/api.w.org\/{rel}","templated":true}]}}