{"id":37055,"date":"2025-03-19T02:11:55","date_gmt":"2025-03-19T01:11:55","guid":{"rendered":"https:\/\/alepposhop.eu\/extra-arabische-suessigkeit-mit-pistazien-aleppo-pistazien-500-g\/"},"modified":"2025-03-19T02:17:24","modified_gmt":"2025-03-19T01:17:24","slug":"extra-arabische-suessigkeit-mit-pistazien-aleppo-pistazien-500-g","status":"publish","type":"product","link":"https:\/\/alepposhop.eu\/de\/extra-arabische-suessigkeit-mit-pistazien-aleppo-pistazien-500-g\/","title":{"rendered":"Extra arabische S\u00fc\u00dfigkeit mit Pistazien (Aleppo-Pistazien) 500 g"},"content":{"rendered":"<p style=\"text-align: center\">Gewicht: 500g<\/p>\n<p style=\"text-align: center\">S\u00fc\u00dfigkeit mit arabischer Butter und Pistazien, eine der besten und ber\u00fchmtesten Arten von Halabi-S\u00fc\u00dfigkeiten<\/p>\n","protected":false},"excerpt":{"rendered":"<p>Gewicht: 500g S\u00fc\u00dfigkeit mit arabischer Butter und Pistazien, eine der besten und ber\u00fchmtesten Arten von Halabi-S\u00fc\u00dfigkeiten<\/p>\n","protected":false},"featured_media":37052,"template":"","meta":[],"product_brand":[],"product_cat":[72],"product_tag":[],"class_list":{"0":"post-37055","1":"product","2":"type-product","3":"status-publish","4":"has-post-thumbnail","6":"product_cat-orientalische-susigkeiten","8":"first","9":"outofstock","10":"taxable","11":"shipping-taxable","12":"purchasable","13":"product-type-simple"},"_links":{"self":[{"href":"https:\/\/alepposhop.eu\/de\/wp-json\/wp\/v2\/product\/37055"}],"collection":[{"href":"https:\/\/alepposhop.eu\/de\/wp-json\/wp\/v2\/product"}],"about":[{"href":"https:\/\/alepposhop.eu\/de\/wp-json\/wp\/v2\/types\/product"}],"wp:featuredmedia":[{"embeddable":true,"href":"https:\/\/alepposhop.eu\/de\/wp-json\/wp\/v2\/media\/37052"}],"wp:attachment":[{"href":"https:\/\/alepposhop.eu\/de\/wp-json\/wp\/v2\/media?parent=37055"}],"wp:term":[{"taxonomy":"product_brand","embeddable":true,"href":"https:\/\/alepposhop.eu\/de\/wp-json\/wp\/v2\/product_brand?post=37055"},{"taxonomy":"product_cat","embeddable":true,"href":"https:\/\/alepposhop.eu\/de\/wp-json\/wp\/v2\/product_cat?post=37055"},{"taxonomy":"product_tag","embeddable":true,"href":"https:\/\/alepposhop.eu\/de\/wp-json\/wp\/v2\/product_tag?post=37055"}],"curies":[{"name":"wp","href":"https:\/\/api.w.org\/{rel}","templated":true}]}}