{"id":38007,"date":"2025-04-25T22:36:02","date_gmt":"2025-04-25T20:36:02","guid":{"rendered":"https:\/\/alepposhop.eu\/kokosnussschokolade-hum-hum\/"},"modified":"2025-04-25T22:36:02","modified_gmt":"2025-04-25T20:36:02","slug":"kokosnussschokolade-hum-hum","status":"publish","type":"product","link":"https:\/\/alepposhop.eu\/de\/kokosnussschokolade-hum-hum\/","title":{"rendered":"Kokosnussschokolade (hum hum)"},"content":{"rendered":"<p style=\"text-align: center\">\u201eHum Hum\u201c Kokosnuss-Schokolade \u2013 Zarte Kokosnussf\u00fcllung und reichhaltiger Geschmack, umh\u00fcllt von einer k\u00f6stlichen Schokoladenschicht, die im Mund zergeht<\/p>\n","protected":false},"excerpt":{"rendered":"<p>\u201eHum Hum\u201c Kokosnuss-Schokolade \u2013 Zarte Kokosnussf\u00fcllung und reichhaltiger Geschmack, umh\u00fcllt von einer k\u00f6stlichen Schokoladenschicht, die im Mund zergeht<\/p>\n","protected":false},"featured_media":38005,"template":"","meta":[],"product_brand":[],"product_cat":[73],"product_tag":[],"class_list":{"0":"post-38007","1":"product","2":"type-product","3":"status-publish","4":"has-post-thumbnail","6":"product_cat-bonbons-und-kekse","8":"first","9":"instock","10":"taxable","11":"shipping-taxable","12":"purchasable","13":"product-type-simple"},"_links":{"self":[{"href":"https:\/\/alepposhop.eu\/de\/wp-json\/wp\/v2\/product\/38007"}],"collection":[{"href":"https:\/\/alepposhop.eu\/de\/wp-json\/wp\/v2\/product"}],"about":[{"href":"https:\/\/alepposhop.eu\/de\/wp-json\/wp\/v2\/types\/product"}],"wp:featuredmedia":[{"embeddable":true,"href":"https:\/\/alepposhop.eu\/de\/wp-json\/wp\/v2\/media\/38005"}],"wp:attachment":[{"href":"https:\/\/alepposhop.eu\/de\/wp-json\/wp\/v2\/media?parent=38007"}],"wp:term":[{"taxonomy":"product_brand","embeddable":true,"href":"https:\/\/alepposhop.eu\/de\/wp-json\/wp\/v2\/product_brand?post=38007"},{"taxonomy":"product_cat","embeddable":true,"href":"https:\/\/alepposhop.eu\/de\/wp-json\/wp\/v2\/product_cat?post=38007"},{"taxonomy":"product_tag","embeddable":true,"href":"https:\/\/alepposhop.eu\/de\/wp-json\/wp\/v2\/product_tag?post=38007"}],"curies":[{"name":"wp","href":"https:\/\/api.w.org\/{rel}","templated":true}]}}