{"id":39547,"date":"2025-09-06T22:45:19","date_gmt":"2025-09-06T20:45:19","guid":{"rendered":"https:\/\/alepposhop.eu\/anissamen\/"},"modified":"2025-09-06T22:45:19","modified_gmt":"2025-09-06T20:45:19","slug":"anissamen","status":"publish","type":"product","link":"https:\/\/alepposhop.eu\/de\/anissamen\/","title":{"rendered":"Anissamen"},"content":{"rendered":"<p style=\"text-align: center\">Gewicht: 100 g<\/p>\n<p style=\"text-align: center\">Hochwertiger Anis mit einem unverwechselbaren aromatischen Duft und einem warmen, entspannenden Geschmack.<\/p>\n<p style=\"text-align: center\">Er wird zur Zubereitung von Hei\u00dfgetr\u00e4nken und zum Kochen verwendet, um einen unverwechselbaren nat\u00fcrlichen Geschmack zu verleihen.<\/p>\n<p style=\"text-align: center\">Er ist bekannt f\u00fcr seine gesundheitsf\u00f6rdernde Wirkung: Er unterst\u00fctzt die Verdauung und beruhigt den K\u00f6rper.<\/p>\n","protected":false},"excerpt":{"rendered":"<p>Gewicht: 100 g Hochwertiger Anis mit einem unverwechselbaren aromatischen Duft und einem warmen, entspannenden Geschmack. Er wird zur Zubereitung von Hei\u00dfgetr\u00e4nken und zum Kochen verwendet, um einen unverwechselbaren nat\u00fcrlichen Geschmack zu verleihen. Er ist bekannt f\u00fcr seine gesundheitsf\u00f6rdernde Wirkung: Er unterst\u00fctzt die Verdauung und beruhigt den K\u00f6rper.<\/p>\n","protected":false},"featured_media":39542,"template":"","meta":[],"product_brand":[],"product_cat":[69,70],"product_tag":[],"class_list":{"0":"post-39547","1":"product","2":"type-product","3":"status-publish","4":"has-post-thumbnail","6":"product_cat-gewurze-und-wurzen","7":"product_cat-krauter-und-ptisan","9":"first","10":"instock","11":"taxable","12":"shipping-taxable","13":"purchasable","14":"product-type-simple"},"_links":{"self":[{"href":"https:\/\/alepposhop.eu\/de\/wp-json\/wp\/v2\/product\/39547"}],"collection":[{"href":"https:\/\/alepposhop.eu\/de\/wp-json\/wp\/v2\/product"}],"about":[{"href":"https:\/\/alepposhop.eu\/de\/wp-json\/wp\/v2\/types\/product"}],"wp:featuredmedia":[{"embeddable":true,"href":"https:\/\/alepposhop.eu\/de\/wp-json\/wp\/v2\/media\/39542"}],"wp:attachment":[{"href":"https:\/\/alepposhop.eu\/de\/wp-json\/wp\/v2\/media?parent=39547"}],"wp:term":[{"taxonomy":"product_brand","embeddable":true,"href":"https:\/\/alepposhop.eu\/de\/wp-json\/wp\/v2\/product_brand?post=39547"},{"taxonomy":"product_cat","embeddable":true,"href":"https:\/\/alepposhop.eu\/de\/wp-json\/wp\/v2\/product_cat?post=39547"},{"taxonomy":"product_tag","embeddable":true,"href":"https:\/\/alepposhop.eu\/de\/wp-json\/wp\/v2\/product_tag?post=39547"}],"curies":[{"name":"wp","href":"https:\/\/api.w.org\/{rel}","templated":true}]}}