{"id":39561,"date":"2025-09-06T23:20:24","date_gmt":"2025-09-06T21:20:24","guid":{"rendered":"https:\/\/alepposhop.eu\/oliven-gefuellt-zitrone\/"},"modified":"2025-09-06T23:20:24","modified_gmt":"2025-09-06T21:20:24","slug":"oliven-gefuellt-zitrone","status":"publish","type":"product","link":"https:\/\/alepposhop.eu\/de\/oliven-gefuellt-zitrone\/","title":{"rendered":"Oliven gef\u00fcllt Zitrone"},"content":{"rendered":"<p style=\"text-align: center\">Gewicht: 250 Gr.<\/p>\n<p style=\"text-align: center\">Gr\u00fcne Oliven gef\u00fcllt mit leckeren Zitronenst\u00fcckchen<\/p>\n","protected":false},"excerpt":{"rendered":"<p>Gewicht: 250 Gr. Gr\u00fcne Oliven gef\u00fcllt mit leckeren Zitronenst\u00fcckchen<\/p>\n","protected":false},"featured_media":39557,"template":"","meta":[],"product_brand":[],"product_cat":[67],"product_tag":[],"class_list":{"0":"post-39561","1":"product","2":"type-product","3":"status-publish","4":"has-post-thumbnail","6":"product_cat-fruhstuck","8":"first","9":"instock","10":"taxable","11":"shipping-taxable","12":"purchasable","13":"product-type-simple"},"_links":{"self":[{"href":"https:\/\/alepposhop.eu\/de\/wp-json\/wp\/v2\/product\/39561"}],"collection":[{"href":"https:\/\/alepposhop.eu\/de\/wp-json\/wp\/v2\/product"}],"about":[{"href":"https:\/\/alepposhop.eu\/de\/wp-json\/wp\/v2\/types\/product"}],"wp:featuredmedia":[{"embeddable":true,"href":"https:\/\/alepposhop.eu\/de\/wp-json\/wp\/v2\/media\/39557"}],"wp:attachment":[{"href":"https:\/\/alepposhop.eu\/de\/wp-json\/wp\/v2\/media?parent=39561"}],"wp:term":[{"taxonomy":"product_brand","embeddable":true,"href":"https:\/\/alepposhop.eu\/de\/wp-json\/wp\/v2\/product_brand?post=39561"},{"taxonomy":"product_cat","embeddable":true,"href":"https:\/\/alepposhop.eu\/de\/wp-json\/wp\/v2\/product_cat?post=39561"},{"taxonomy":"product_tag","embeddable":true,"href":"https:\/\/alepposhop.eu\/de\/wp-json\/wp\/v2\/product_tag?post=39561"}],"curies":[{"name":"wp","href":"https:\/\/api.w.org\/{rel}","templated":true}]}}