{"id":39834,"date":"2025-09-22T20:24:54","date_gmt":"2025-09-22T18:24:54","guid":{"rendered":"https:\/\/alepposhop.eu\/bluetenpollen-gelee-royale\/"},"modified":"2025-09-22T21:11:13","modified_gmt":"2025-09-22T19:11:13","slug":"bluetenpollen-gelee-royale","status":"publish","type":"product","link":"https:\/\/alepposhop.eu\/de\/bluetenpollen-gelee-royale\/","title":{"rendered":"Bl\u00fctenpollen \u2013 Gel\u00e9e Royale"},"content":{"rendered":"<p style=\"text-align: center\">Gewicht: 50 g<\/p>\n<p style=\"text-align: center\"><br data-start=\"87\" data-end=\"90\" \/>Ein reines Geschenk der Natur \ud83c\udf3f, reich an Vitaminen, Mineralstoffen und nat\u00fcrlichen Enzymen.<br data-start=\"183\" data-end=\"186\" \/>St\u00e4rkt das Immunsystem, gibt neue Energie und f\u00f6rdert die Vitalit\u00e4t \u2013 nat\u00fcrlich und sicher.<\/p>\n","protected":false},"excerpt":{"rendered":"<p>Gewicht: 50 g Ein reines Geschenk der Natur \ud83c\udf3f, reich an Vitaminen, Mineralstoffen und nat\u00fcrlichen Enzymen.St\u00e4rkt das Immunsystem, gibt neue Energie und f\u00f6rdert die Vitalit\u00e4t \u2013 nat\u00fcrlich und sicher.<\/p>\n","protected":false},"featured_media":39831,"template":"","meta":[],"product_brand":[],"product_cat":[70],"product_tag":[],"class_list":{"0":"post-39834","1":"product","2":"type-product","3":"status-publish","4":"has-post-thumbnail","6":"product_cat-krauter-und-ptisan","8":"first","9":"instock","10":"taxable","11":"shipping-taxable","12":"purchasable","13":"product-type-simple"},"_links":{"self":[{"href":"https:\/\/alepposhop.eu\/de\/wp-json\/wp\/v2\/product\/39834"}],"collection":[{"href":"https:\/\/alepposhop.eu\/de\/wp-json\/wp\/v2\/product"}],"about":[{"href":"https:\/\/alepposhop.eu\/de\/wp-json\/wp\/v2\/types\/product"}],"wp:featuredmedia":[{"embeddable":true,"href":"https:\/\/alepposhop.eu\/de\/wp-json\/wp\/v2\/media\/39831"}],"wp:attachment":[{"href":"https:\/\/alepposhop.eu\/de\/wp-json\/wp\/v2\/media?parent=39834"}],"wp:term":[{"taxonomy":"product_brand","embeddable":true,"href":"https:\/\/alepposhop.eu\/de\/wp-json\/wp\/v2\/product_brand?post=39834"},{"taxonomy":"product_cat","embeddable":true,"href":"https:\/\/alepposhop.eu\/de\/wp-json\/wp\/v2\/product_cat?post=39834"},{"taxonomy":"product_tag","embeddable":true,"href":"https:\/\/alepposhop.eu\/de\/wp-json\/wp\/v2\/product_tag?post=39834"}],"curies":[{"name":"wp","href":"https:\/\/api.w.org\/{rel}","templated":true}]}}