{"id":40820,"date":"2025-12-12T07:17:54","date_gmt":"2025-12-12T06:17:54","guid":{"rendered":"https:\/\/alepposhop.eu\/mann-und-salwa-iraki-1-kg\/"},"modified":"2025-12-12T07:17:54","modified_gmt":"2025-12-12T06:17:54","slug":"mann-und-salwa-iraki-1-kg","status":"publish","type":"product","link":"https:\/\/alepposhop.eu\/de\/mann-und-salwa-iraki-1-kg\/","title":{"rendered":"Mann und Salwa (Iraki) 1 kg"},"content":{"rendered":"<p style=\"text-align: center\">Gewicht: 1000 g<\/p>\n<p style=\"text-align: center\">K\u00f6stliche irakische Manna- und Salwa-S\u00fc\u00dfigkeiten, ber\u00fchmt f\u00fcr ihren Kardamomgeschmack und gef\u00fcllt mit Pistazien.<\/p>\n<p style=\"text-align: center\">Es wird auch himmlische S\u00fc\u00dfigkeit genannt.<\/p>\n","protected":false},"excerpt":{"rendered":"<p>Gewicht: 1000 g K\u00f6stliche irakische Manna- und Salwa-S\u00fc\u00dfigkeiten, ber\u00fchmt f\u00fcr ihren Kardamomgeschmack und gef\u00fcllt mit Pistazien. Es wird auch himmlische S\u00fc\u00dfigkeit genannt.<\/p>\n","protected":false},"featured_media":42258,"template":"","meta":[],"product_brand":[],"product_cat":[5845,72],"product_tag":[],"class_list":{"0":"post-40820","1":"product","2":"type-product","3":"status-publish","4":"has-post-thumbnail","6":"product_cat-auktion","7":"product_cat-orientalische-susigkeiten","9":"first","10":"instock","11":"sale","12":"taxable","13":"shipping-taxable","14":"purchasable","15":"product-type-simple"},"_links":{"self":[{"href":"https:\/\/alepposhop.eu\/de\/wp-json\/wp\/v2\/product\/40820"}],"collection":[{"href":"https:\/\/alepposhop.eu\/de\/wp-json\/wp\/v2\/product"}],"about":[{"href":"https:\/\/alepposhop.eu\/de\/wp-json\/wp\/v2\/types\/product"}],"wp:featuredmedia":[{"embeddable":true,"href":"https:\/\/alepposhop.eu\/de\/wp-json\/wp\/v2\/media\/42258"}],"wp:attachment":[{"href":"https:\/\/alepposhop.eu\/de\/wp-json\/wp\/v2\/media?parent=40820"}],"wp:term":[{"taxonomy":"product_brand","embeddable":true,"href":"https:\/\/alepposhop.eu\/de\/wp-json\/wp\/v2\/product_brand?post=40820"},{"taxonomy":"product_cat","embeddable":true,"href":"https:\/\/alepposhop.eu\/de\/wp-json\/wp\/v2\/product_cat?post=40820"},{"taxonomy":"product_tag","embeddable":true,"href":"https:\/\/alepposhop.eu\/de\/wp-json\/wp\/v2\/product_tag?post=40820"}],"curies":[{"name":"wp","href":"https:\/\/api.w.org\/{rel}","templated":true}]}}