{"id":41508,"date":"2026-02-06T00:43:46","date_gmt":"2026-02-05T23:43:46","guid":{"rendered":"https:\/\/alepposhop.eu\/lakritzstangen-der-marke-ramadan-3-stueck\/"},"modified":"2026-02-06T00:43:46","modified_gmt":"2026-02-05T23:43:46","slug":"lakritzstangen-der-marke-ramadan-3-stueck","status":"publish","type":"product","link":"https:\/\/alepposhop.eu\/de\/lakritzstangen-der-marke-ramadan-3-stueck\/","title":{"rendered":"Lakritzstangen der Marke Ramadan (3 St\u00fcck)"},"content":{"rendered":"<p style=\"text-align: center\">Gewicht pro St\u00fcck: 15 Gramm<\/p>\n<p style=\"text-align: center\">Kleine Lakritzstangen<\/p>\n<p style=\"text-align: center\">100 % nat\u00fcrlich<\/p>\n<p style=\"text-align: center\">Der perfekte Snack f\u00fcr Ramadan<\/p>\n","protected":false},"excerpt":{"rendered":"<p>Gewicht pro St\u00fcck: 15 Gramm Kleine Lakritzstangen 100 % nat\u00fcrlich Der perfekte Snack f\u00fcr Ramadan<\/p>\n","protected":false},"featured_media":41506,"template":"","meta":[],"product_brand":[],"product_cat":[70,73],"product_tag":[],"class_list":{"0":"post-41508","1":"product","2":"type-product","3":"status-publish","4":"has-post-thumbnail","6":"product_cat-krauter-und-ptisan","7":"product_cat-bonbons-und-kekse","9":"first","10":"instock","11":"taxable","12":"shipping-taxable","13":"purchasable","14":"product-type-simple"},"_links":{"self":[{"href":"https:\/\/alepposhop.eu\/de\/wp-json\/wp\/v2\/product\/41508"}],"collection":[{"href":"https:\/\/alepposhop.eu\/de\/wp-json\/wp\/v2\/product"}],"about":[{"href":"https:\/\/alepposhop.eu\/de\/wp-json\/wp\/v2\/types\/product"}],"wp:featuredmedia":[{"embeddable":true,"href":"https:\/\/alepposhop.eu\/de\/wp-json\/wp\/v2\/media\/41506"}],"wp:attachment":[{"href":"https:\/\/alepposhop.eu\/de\/wp-json\/wp\/v2\/media?parent=41508"}],"wp:term":[{"taxonomy":"product_brand","embeddable":true,"href":"https:\/\/alepposhop.eu\/de\/wp-json\/wp\/v2\/product_brand?post=41508"},{"taxonomy":"product_cat","embeddable":true,"href":"https:\/\/alepposhop.eu\/de\/wp-json\/wp\/v2\/product_cat?post=41508"},{"taxonomy":"product_tag","embeddable":true,"href":"https:\/\/alepposhop.eu\/de\/wp-json\/wp\/v2\/product_tag?post=41508"}],"curies":[{"name":"wp","href":"https:\/\/api.w.org\/{rel}","templated":true}]}}