{"id":41541,"date":"2026-02-07T19:44:01","date_gmt":"2026-02-07T18:44:01","guid":{"rendered":"https:\/\/alepposhop.eu\/al-safwa-traditionelles-halva-tierisches-ghee\/"},"modified":"2026-03-16T13:26:39","modified_gmt":"2026-03-16T12:26:39","slug":"al-safwa-traditionelles-halva-tierisches-ghee","status":"publish","type":"product","link":"https:\/\/alepposhop.eu\/de\/al-safwa-traditionelles-halva-tierisches-ghee\/","title":{"rendered":"Al Safwa Traditionelles Halva &#8211; Pflanzenfett"},"content":{"rendered":"<p style=\"text-align: center\">Gewicht: 500 g<\/p>\n<p style=\"text-align: center\">Eine traditionelle Halva der Marke Al Safwa mit zarter Textur und vollem Geschmack. Hergestellt aus sorgf\u00e4ltig ausgew\u00e4hlten Zutaten f\u00fcr authentischen Genuss und h\u00f6chste Qualit\u00e4t.<\/p>\n<p style=\"text-align: center\">Perfekt zum Kaffee oder als Dessert \u2013 jederzeit.<\/p>\n","protected":false},"excerpt":{"rendered":"<p>Gewicht: 500 g Eine traditionelle Halva der Marke Al Safwa mit zarter Textur und vollem Geschmack. Hergestellt aus sorgf\u00e4ltig ausgew\u00e4hlten Zutaten f\u00fcr authentischen Genuss und h\u00f6chste Qualit\u00e4t. Perfekt zum Kaffee oder als Dessert \u2013 jederzeit.<\/p>\n","protected":false},"featured_media":41539,"template":"","meta":[],"product_brand":[],"product_cat":[73],"product_tag":[],"class_list":{"0":"post-41541","1":"product","2":"type-product","3":"status-publish","4":"has-post-thumbnail","6":"product_cat-bonbons-und-kekse","8":"first","9":"instock","10":"taxable","11":"shipping-taxable","12":"purchasable","13":"product-type-simple"},"_links":{"self":[{"href":"https:\/\/alepposhop.eu\/de\/wp-json\/wp\/v2\/product\/41541"}],"collection":[{"href":"https:\/\/alepposhop.eu\/de\/wp-json\/wp\/v2\/product"}],"about":[{"href":"https:\/\/alepposhop.eu\/de\/wp-json\/wp\/v2\/types\/product"}],"wp:featuredmedia":[{"embeddable":true,"href":"https:\/\/alepposhop.eu\/de\/wp-json\/wp\/v2\/media\/41539"}],"wp:attachment":[{"href":"https:\/\/alepposhop.eu\/de\/wp-json\/wp\/v2\/media?parent=41541"}],"wp:term":[{"taxonomy":"product_brand","embeddable":true,"href":"https:\/\/alepposhop.eu\/de\/wp-json\/wp\/v2\/product_brand?post=41541"},{"taxonomy":"product_cat","embeddable":true,"href":"https:\/\/alepposhop.eu\/de\/wp-json\/wp\/v2\/product_cat?post=41541"},{"taxonomy":"product_tag","embeddable":true,"href":"https:\/\/alepposhop.eu\/de\/wp-json\/wp\/v2\/product_tag?post=41541"}],"curies":[{"name":"wp","href":"https:\/\/api.w.org\/{rel}","templated":true}]}}