{"id":42595,"date":"2026-03-11T03:37:33","date_gmt":"2026-03-11T02:37:33","guid":{"rendered":"https:\/\/alepposhop.eu\/sonnengetrocknete-aprikosenmarmelade-ganz\/"},"modified":"2026-03-19T02:43:25","modified_gmt":"2026-03-19T01:43:25","slug":"sonnengetrocknete-aprikosenmarmelade-ganz","status":"publish","type":"product","link":"https:\/\/alepposhop.eu\/de\/sonnengetrocknete-aprikosenmarmelade-ganz\/","title":{"rendered":"Sonnengetrocknete AprikosenKonfit\u00fcre (Ganz)"},"content":{"rendered":"<p style=\"text-align: center\">Gewicht: 500 g<\/p>\n<p style=\"text-align: center\">Diese k\u00f6stliche, sonnengetrocknete AprikosenKonfit\u00fcre ist eine beliebte und schmackhafte Konfit\u00fcre in Syrien.<\/p>\n<p style=\"text-align: center\">Sie wird zu besonderen Anl\u00e4ssen und Feiertagen serviert.<\/p>\n","protected":false},"excerpt":{"rendered":"<p>Gewicht: 500 g Diese k\u00f6stliche, sonnengetrocknete AprikosenKonfit\u00fcre ist eine beliebte und schmackhafte Konfit\u00fcre in Syrien. Sie wird zu besonderen Anl\u00e4ssen und Feiertagen serviert.<\/p>\n","protected":false},"featured_media":42593,"template":"","meta":[],"product_brand":[],"product_cat":[72],"product_tag":[5876,5879],"class_list":{"0":"post-42595","1":"product","2":"type-product","3":"status-publish","4":"has-post-thumbnail","6":"product_cat-orientalische-susigkeiten","7":"product_tag--de","10":"first","11":"instock","12":"taxable","13":"shipping-taxable","14":"purchasable","15":"product-type-simple"},"_links":{"self":[{"href":"https:\/\/alepposhop.eu\/de\/wp-json\/wp\/v2\/product\/42595"}],"collection":[{"href":"https:\/\/alepposhop.eu\/de\/wp-json\/wp\/v2\/product"}],"about":[{"href":"https:\/\/alepposhop.eu\/de\/wp-json\/wp\/v2\/types\/product"}],"wp:featuredmedia":[{"embeddable":true,"href":"https:\/\/alepposhop.eu\/de\/wp-json\/wp\/v2\/media\/42593"}],"wp:attachment":[{"href":"https:\/\/alepposhop.eu\/de\/wp-json\/wp\/v2\/media?parent=42595"}],"wp:term":[{"taxonomy":"product_brand","embeddable":true,"href":"https:\/\/alepposhop.eu\/de\/wp-json\/wp\/v2\/product_brand?post=42595"},{"taxonomy":"product_cat","embeddable":true,"href":"https:\/\/alepposhop.eu\/de\/wp-json\/wp\/v2\/product_cat?post=42595"},{"taxonomy":"product_tag","embeddable":true,"href":"https:\/\/alepposhop.eu\/de\/wp-json\/wp\/v2\/product_tag?post=42595"}],"curies":[{"name":"wp","href":"https:\/\/api.w.org\/{rel}","templated":true}]}}