{"id":8824,"date":"2021-06-29T13:57:42","date_gmt":"2021-06-22T22:03:26","guid":{"rendered":"http:\/\/alepposhop.eu\/product\/unkategorisiert\/mshalale-kaese\/"},"modified":"2022-04-23T00:00:09","modified_gmt":"2022-04-22T22:00:09","slug":"mshalale-kaese","status":"publish","type":"product","link":"https:\/\/alepposhop.eu\/de\/mshalale-kaese\/","title":{"rendered":"Mshalale-K\u00e4se."},"content":{"rendered":"<p style=\"text-align: center;\">\u00a0Gewicht : 925 g<\/p>\n<p style=\"text-align: center;\">Es ist ein lokaler hausgemachter K\u00e4se mit einem mittelgro\u00dfen Salzgehalt, bereit zu essen<\/p>\n<p style=\"text-align: center;\">hausgemacht<\/p>\n","protected":false},"excerpt":{"rendered":"<p>K\u00e4se, Tschechil-K\u00e4se, syrischer K\u00e4se, arabischer K\u00e4se, Aleppo-K\u00e4se, Mshalale-K\u00e4se<\/p>\n","protected":false},"featured_media":6139,"template":"","meta":[],"product_brand":[],"product_cat":[67],"product_tag":[],"class_list":{"0":"post-8824","1":"product","2":"type-product","3":"status-publish","4":"has-post-thumbnail","6":"product_cat-fruhstuck","8":"first","9":"instock","10":"taxable","11":"shipping-taxable","12":"purchasable","13":"product-type-simple"},"_links":{"self":[{"href":"https:\/\/alepposhop.eu\/de\/wp-json\/wp\/v2\/product\/8824"}],"collection":[{"href":"https:\/\/alepposhop.eu\/de\/wp-json\/wp\/v2\/product"}],"about":[{"href":"https:\/\/alepposhop.eu\/de\/wp-json\/wp\/v2\/types\/product"}],"wp:featuredmedia":[{"embeddable":true,"href":"https:\/\/alepposhop.eu\/de\/wp-json\/wp\/v2\/media\/6139"}],"wp:attachment":[{"href":"https:\/\/alepposhop.eu\/de\/wp-json\/wp\/v2\/media?parent=8824"}],"wp:term":[{"taxonomy":"product_brand","embeddable":true,"href":"https:\/\/alepposhop.eu\/de\/wp-json\/wp\/v2\/product_brand?post=8824"},{"taxonomy":"product_cat","embeddable":true,"href":"https:\/\/alepposhop.eu\/de\/wp-json\/wp\/v2\/product_cat?post=8824"},{"taxonomy":"product_tag","embeddable":true,"href":"https:\/\/alepposhop.eu\/de\/wp-json\/wp\/v2\/product_tag?post=8824"}],"curies":[{"name":"wp","href":"https:\/\/api.w.org\/{rel}","templated":true}]}}