{"id":8828,"date":"2021-07-21T16:20:43","date_gmt":"2021-05-27T01:59:49","guid":{"rendered":"http:\/\/alepposhop.eu\/product\/unkategorisiert\/weisser-kaese-wuerfel\/"},"modified":"2021-10-01T00:00:27","modified_gmt":"2021-09-30T22:00:27","slug":"weisser-kaese-wuerfel","status":"publish","type":"product","link":"https:\/\/alepposhop.eu\/de\/weisser-kaese-wuerfel\/","title":{"rendered":"Wei\u00dfer K\u00e4se (W\u00fcrfel)"},"content":{"rendered":"<p style=\"text-align: center;\">\u00a0Gewicht : 925 g<\/p>\n<p style=\"text-align: center;\">K\u00e4se ist ein sehr wichtiges Gericht zum Fr\u00fchst\u00fcck und traditionelles arabisches Abendessen. Es zeichnet sich durch den Geschmack, Nigella Sativa, MSTKE und koh\u00e4rente Textur aus.<\/p>\n<p style=\"text-align: center;\">hausgemacht<\/p>\n","protected":false},"excerpt":{"rendered":"<p>K\u00e4se, Tschechil-K\u00e4se, syrischer K\u00e4se, Arabisch-K\u00e4se, Aleppo-K\u00e4se, schwarzer Sesami, schwarzer Sesami-K\u00e4se<\/p>\n","protected":false},"featured_media":6143,"template":"","meta":[],"product_brand":[],"product_cat":[67],"product_tag":[],"class_list":{"0":"post-8828","1":"product","2":"type-product","3":"status-publish","4":"has-post-thumbnail","6":"product_cat-fruhstuck","8":"first","9":"instock","10":"taxable","11":"shipping-taxable","12":"purchasable","13":"product-type-simple"},"_links":{"self":[{"href":"https:\/\/alepposhop.eu\/de\/wp-json\/wp\/v2\/product\/8828"}],"collection":[{"href":"https:\/\/alepposhop.eu\/de\/wp-json\/wp\/v2\/product"}],"about":[{"href":"https:\/\/alepposhop.eu\/de\/wp-json\/wp\/v2\/types\/product"}],"wp:featuredmedia":[{"embeddable":true,"href":"https:\/\/alepposhop.eu\/de\/wp-json\/wp\/v2\/media\/6143"}],"wp:attachment":[{"href":"https:\/\/alepposhop.eu\/de\/wp-json\/wp\/v2\/media?parent=8828"}],"wp:term":[{"taxonomy":"product_brand","embeddable":true,"href":"https:\/\/alepposhop.eu\/de\/wp-json\/wp\/v2\/product_brand?post=8828"},{"taxonomy":"product_cat","embeddable":true,"href":"https:\/\/alepposhop.eu\/de\/wp-json\/wp\/v2\/product_cat?post=8828"},{"taxonomy":"product_tag","embeddable":true,"href":"https:\/\/alepposhop.eu\/de\/wp-json\/wp\/v2\/product_tag?post=8828"}],"curies":[{"name":"wp","href":"https:\/\/api.w.org\/{rel}","templated":true}]}}