{"id":8836,"date":"2021-07-22T21:28:10","date_gmt":"2021-07-04T00:33:06","guid":{"rendered":"http:\/\/alepposhop.eu\/product\/unkategorisiert\/gruenes-thymian\/"},"modified":"2024-11-26T00:53:13","modified_gmt":"2024-11-25T23:53:13","slug":"gruenes-thymian","status":"publish","type":"product","link":"https:\/\/alepposhop.eu\/de\/gruenes-thymian\/","title":{"rendered":"Gr\u00fcnes Thymian ( Zataar )"},"content":{"rendered":"<p style=\"text-align: center\">Gewicht: 250 g<\/p>\n<p style=\"text-align: center\">Ein luxuri\u00f6ser Thymian mit einem unverwechselbaren Geschmack. Er zeichnet sich durch ein starkes und k\u00f6stliches Aroma aus. Er kann als Manakish zubereitet und auch mit Tee oder Gem\u00fcse gegessen werden.<\/p>\n<p style=\"text-align: center\">hausgemacht<\/p>\n","protected":false},"excerpt":{"rendered":"<p>Thymian Green, Sesam, Zaatar gr\u00fcn, Thymian<\/p>\n","protected":false},"featured_media":6151,"template":"","meta":[],"product_brand":[],"product_cat":[67],"product_tag":[2140,2167],"class_list":{"0":"post-8836","1":"product","2":"type-product","3":"status-publish","4":"has-post-thumbnail","6":"product_cat-fruhstuck","7":"product_tag-zaatar-green-de","8":"product_tag-zaatar-de","10":"first","11":"instock","12":"taxable","13":"shipping-taxable","14":"purchasable","15":"product-type-simple"},"_links":{"self":[{"href":"https:\/\/alepposhop.eu\/de\/wp-json\/wp\/v2\/product\/8836"}],"collection":[{"href":"https:\/\/alepposhop.eu\/de\/wp-json\/wp\/v2\/product"}],"about":[{"href":"https:\/\/alepposhop.eu\/de\/wp-json\/wp\/v2\/types\/product"}],"wp:featuredmedia":[{"embeddable":true,"href":"https:\/\/alepposhop.eu\/de\/wp-json\/wp\/v2\/media\/6151"}],"wp:attachment":[{"href":"https:\/\/alepposhop.eu\/de\/wp-json\/wp\/v2\/media?parent=8836"}],"wp:term":[{"taxonomy":"product_brand","embeddable":true,"href":"https:\/\/alepposhop.eu\/de\/wp-json\/wp\/v2\/product_brand?post=8836"},{"taxonomy":"product_cat","embeddable":true,"href":"https:\/\/alepposhop.eu\/de\/wp-json\/wp\/v2\/product_cat?post=8836"},{"taxonomy":"product_tag","embeddable":true,"href":"https:\/\/alepposhop.eu\/de\/wp-json\/wp\/v2\/product_tag?post=8836"}],"curies":[{"name":"wp","href":"https:\/\/api.w.org\/{rel}","templated":true}]}}