{"id":8840,"date":"2021-06-16T20:32:25","date_gmt":"2021-07-08T07:48:14","guid":{"rendered":"http:\/\/alepposhop.eu\/product\/unkategorisiert\/rotes-thymian\/"},"modified":"2024-09-19T08:41:09","modified_gmt":"2024-09-19T06:41:09","slug":"rotes-thymian","status":"publish","type":"product","link":"https:\/\/alepposhop.eu\/de\/rotes-thymian\/","title":{"rendered":"Aleppp Zataar Thymian mit Sumac"},"content":{"rendered":"<p style=\"text-align: center\">\u00a0Gewicht :250g<\/p>\n<p style=\"text-align: center\">Ein Luxus-Thymian mit einem unverwechselbaren Geschmack, Aleppo Thymian mit Sumac ist als einer der ber\u00fchmtesten Arten bekannt, die auf dem Fr\u00fchst\u00fcckstisch serviert werden, es kann in vielen Rezepten und Gerichten eingesetzt werden.<\/p>\n<p style=\"text-align: center\">hausgemacht<\/p>\n","protected":false},"excerpt":{"rendered":"<p>Thymian Green, Sesam, Zaatar Green, Thymian, Summac<\/p>\n","protected":false},"featured_media":6155,"template":"","meta":[],"product_brand":[],"product_cat":[67],"product_tag":[2167],"class_list":{"0":"post-8840","1":"product","2":"type-product","3":"status-publish","4":"has-post-thumbnail","6":"product_cat-fruhstuck","7":"product_tag-zaatar-de","9":"first","10":"instock","11":"taxable","12":"shipping-taxable","13":"purchasable","14":"product-type-simple"},"_links":{"self":[{"href":"https:\/\/alepposhop.eu\/de\/wp-json\/wp\/v2\/product\/8840"}],"collection":[{"href":"https:\/\/alepposhop.eu\/de\/wp-json\/wp\/v2\/product"}],"about":[{"href":"https:\/\/alepposhop.eu\/de\/wp-json\/wp\/v2\/types\/product"}],"wp:featuredmedia":[{"embeddable":true,"href":"https:\/\/alepposhop.eu\/de\/wp-json\/wp\/v2\/media\/6155"}],"wp:attachment":[{"href":"https:\/\/alepposhop.eu\/de\/wp-json\/wp\/v2\/media?parent=8840"}],"wp:term":[{"taxonomy":"product_brand","embeddable":true,"href":"https:\/\/alepposhop.eu\/de\/wp-json\/wp\/v2\/product_brand?post=8840"},{"taxonomy":"product_cat","embeddable":true,"href":"https:\/\/alepposhop.eu\/de\/wp-json\/wp\/v2\/product_cat?post=8840"},{"taxonomy":"product_tag","embeddable":true,"href":"https:\/\/alepposhop.eu\/de\/wp-json\/wp\/v2\/product_tag?post=8840"}],"curies":[{"name":"wp","href":"https:\/\/api.w.org\/{rel}","templated":true}]}}