{"id":8856,"date":"2021-06-05T04:03:05","date_gmt":"2021-07-05T00:41:12","guid":{"rendered":"http:\/\/alepposhop.eu\/product\/unkategorisiert\/schwarze-oliven-attoun\/"},"modified":"2025-08-17T23:28:42","modified_gmt":"2025-08-17T21:28:42","slug":"schwarze-oliven-attoun","status":"publish","type":"product","link":"https:\/\/alepposhop.eu\/de\/schwarze-oliven-attoun\/","title":{"rendered":"Schwarze Oliven (attoun)"},"content":{"rendered":"<p style=\"text-align: center\">\u00a0Gewicht : 250g<\/p>\n<p style=\"text-align: center\">Die schwarze Olive (attoun) ist eine gute Quelle von Vitamin E und C, es enth\u00e4lt auch Carotin, das f\u00fcr Haare und N\u00e4gel n\u00fctzlich ist.<\/p>\n<p style=\"text-align: center\">hausgemacht<\/p>\n","protected":false},"excerpt":{"rendered":"<p>Schwarze Oliven, calciniert, Oliven<\/p>\n","protected":false},"featured_media":6171,"template":"","meta":[],"product_brand":[],"product_cat":[67],"product_tag":[],"class_list":{"0":"post-8856","1":"product","2":"type-product","3":"status-publish","4":"has-post-thumbnail","6":"product_cat-fruhstuck","8":"first","9":"instock","10":"taxable","11":"shipping-taxable","12":"purchasable","13":"product-type-simple"},"_links":{"self":[{"href":"https:\/\/alepposhop.eu\/de\/wp-json\/wp\/v2\/product\/8856"}],"collection":[{"href":"https:\/\/alepposhop.eu\/de\/wp-json\/wp\/v2\/product"}],"about":[{"href":"https:\/\/alepposhop.eu\/de\/wp-json\/wp\/v2\/types\/product"}],"wp:featuredmedia":[{"embeddable":true,"href":"https:\/\/alepposhop.eu\/de\/wp-json\/wp\/v2\/media\/6171"}],"wp:attachment":[{"href":"https:\/\/alepposhop.eu\/de\/wp-json\/wp\/v2\/media?parent=8856"}],"wp:term":[{"taxonomy":"product_brand","embeddable":true,"href":"https:\/\/alepposhop.eu\/de\/wp-json\/wp\/v2\/product_brand?post=8856"},{"taxonomy":"product_cat","embeddable":true,"href":"https:\/\/alepposhop.eu\/de\/wp-json\/wp\/v2\/product_cat?post=8856"},{"taxonomy":"product_tag","embeddable":true,"href":"https:\/\/alepposhop.eu\/de\/wp-json\/wp\/v2\/product_tag?post=8856"}],"curies":[{"name":"wp","href":"https:\/\/api.w.org\/{rel}","templated":true}]}}