{"id":8864,"date":"2021-07-31T08:03:15","date_gmt":"2021-05-17T20:19:05","guid":{"rendered":"http:\/\/alepposhop.eu\/product\/unkategorisiert\/aleppo-mamounia\/"},"modified":"2021-12-20T11:10:44","modified_gmt":"2021-12-20T10:10:44","slug":"aleppo-mamounia","status":"publish","type":"product","link":"https:\/\/alepposhop.eu\/de\/aleppo-mamounia\/","title":{"rendered":"Aleppo Mamounia."},"content":{"rendered":"<p style=\"text-align: center;\">\u00a0Gewicht : 250 g<\/p>\n<p style=\"text-align: center;\">Aleppo Mamounia besteht aus einer ger\u00f6steten Grie\u00dfcreme, die direkt von Aleppo, Syrien, kommt. Es wurde mit Zuckersirup gekocht. Es ist ein traditionelles Fr\u00fchst\u00fccksrezept von Aleppo.<\/p>\n<p style=\"text-align: center;\">\n","protected":false},"excerpt":{"rendered":"<p>Mamouni, Fr\u00fchst\u00fcck Halabi, Aleppo-Traditionen, Samid, Zucker, Margarine, Sahne<\/p>\n","protected":false},"featured_media":6179,"template":"","meta":[],"product_brand":[],"product_cat":[2355],"product_tag":[],"class_list":{"0":"post-8864","1":"product","2":"type-product","3":"status-publish","4":"has-post-thumbnail","6":"product_cat-konserven","8":"first","9":"outofstock","10":"taxable","11":"shipping-taxable","12":"purchasable","13":"product-type-simple"},"_links":{"self":[{"href":"https:\/\/alepposhop.eu\/de\/wp-json\/wp\/v2\/product\/8864"}],"collection":[{"href":"https:\/\/alepposhop.eu\/de\/wp-json\/wp\/v2\/product"}],"about":[{"href":"https:\/\/alepposhop.eu\/de\/wp-json\/wp\/v2\/types\/product"}],"wp:featuredmedia":[{"embeddable":true,"href":"https:\/\/alepposhop.eu\/de\/wp-json\/wp\/v2\/media\/6179"}],"wp:attachment":[{"href":"https:\/\/alepposhop.eu\/de\/wp-json\/wp\/v2\/media?parent=8864"}],"wp:term":[{"taxonomy":"product_brand","embeddable":true,"href":"https:\/\/alepposhop.eu\/de\/wp-json\/wp\/v2\/product_brand?post=8864"},{"taxonomy":"product_cat","embeddable":true,"href":"https:\/\/alepposhop.eu\/de\/wp-json\/wp\/v2\/product_cat?post=8864"},{"taxonomy":"product_tag","embeddable":true,"href":"https:\/\/alepposhop.eu\/de\/wp-json\/wp\/v2\/product_tag?post=8864"}],"curies":[{"name":"wp","href":"https:\/\/api.w.org\/{rel}","templated":true}]}}