{"id":8892,"date":"2021-07-21T07:57:14","date_gmt":"2021-07-13T12:27:16","guid":{"rendered":"http:\/\/alepposhop.eu\/product\/unkategorisiert\/afrin-olivenoel\/"},"modified":"2024-05-16T23:18:23","modified_gmt":"2024-05-16T21:18:23","slug":"afrin-olivenoel","status":"publish","type":"product","link":"https:\/\/alepposhop.eu\/de\/afrin-olivenoel\/","title":{"rendered":"Afrin-Oliven\u00f6l (kalt gepresst)"},"content":{"rendered":"<p style=\"text-align: center\">Gewicht: 500 ml<\/p>\n<p style=\"text-align: center\">Kaltgepresstes natives Oliven\u00f6l extra, hergestellt durch Pressen ganzer Oliven und Extrahieren des \u00d6ls.<\/p>\n<p style=\"text-align: center\">Es enth\u00e4lt reichlich Vitamin E und K sowie viele n\u00fctzliche Fetts\u00e4uren.<\/p>\n","protected":false},"excerpt":{"rendered":"<p>Mein Oliven\u00f6l, Oliven\u00f6l, Olive<\/p>\n","protected":false},"featured_media":6207,"template":"","meta":[],"product_brand":[],"product_cat":[68],"product_tag":[],"class_list":{"0":"post-8892","1":"product","2":"type-product","3":"status-publish","4":"has-post-thumbnail","6":"product_cat-lebensmittelversorgung","8":"first","9":"instock","10":"taxable","11":"shipping-taxable","12":"purchasable","13":"product-type-simple"},"_links":{"self":[{"href":"https:\/\/alepposhop.eu\/de\/wp-json\/wp\/v2\/product\/8892"}],"collection":[{"href":"https:\/\/alepposhop.eu\/de\/wp-json\/wp\/v2\/product"}],"about":[{"href":"https:\/\/alepposhop.eu\/de\/wp-json\/wp\/v2\/types\/product"}],"wp:featuredmedia":[{"embeddable":true,"href":"https:\/\/alepposhop.eu\/de\/wp-json\/wp\/v2\/media\/6207"}],"wp:attachment":[{"href":"https:\/\/alepposhop.eu\/de\/wp-json\/wp\/v2\/media?parent=8892"}],"wp:term":[{"taxonomy":"product_brand","embeddable":true,"href":"https:\/\/alepposhop.eu\/de\/wp-json\/wp\/v2\/product_brand?post=8892"},{"taxonomy":"product_cat","embeddable":true,"href":"https:\/\/alepposhop.eu\/de\/wp-json\/wp\/v2\/product_cat?post=8892"},{"taxonomy":"product_tag","embeddable":true,"href":"https:\/\/alepposhop.eu\/de\/wp-json\/wp\/v2\/product_tag?post=8892"}],"curies":[{"name":"wp","href":"https:\/\/api.w.org\/{rel}","templated":true}]}}