{"id":8896,"date":"2021-08-08T21:00:31","date_gmt":"2021-08-07T06:35:54","guid":{"rendered":"http:\/\/alepposhop.eu\/product\/unkategorisiert\/arabischer-kuhhee\/"},"modified":"2024-09-16T12:23:39","modified_gmt":"2024-09-16T10:23:39","slug":"arabischer-kuhhee","status":"publish","type":"product","link":"https:\/\/alepposhop.eu\/de\/arabischer-kuhhee\/","title":{"rendered":"Arabischer Kuhghee."},"content":{"rendered":"<p style=\"text-align: center\">\u00a0Gewicht : 500 g<\/p>\n<p style=\"text-align: center\">Der arabische Kuhghee ist ein Fett, das aus frischer Kuhmilch, in Lebensmitteln, S\u00fc\u00dfigkeiten und Geb\u00e4ck verwendet wird<\/p>\n<p style=\"text-align: center\">\n","protected":false},"excerpt":{"rendered":"<p>Arabisch, arabischer, arabischer Fettleibigkeit<\/p>\n","protected":false},"featured_media":6211,"template":"","meta":[],"product_brand":[],"product_cat":[68],"product_tag":[],"class_list":{"0":"post-8896","1":"product","2":"type-product","3":"status-publish","4":"has-post-thumbnail","6":"product_cat-lebensmittelversorgung","8":"first","9":"outofstock","10":"taxable","11":"shipping-taxable","12":"purchasable","13":"product-type-simple"},"_links":{"self":[{"href":"https:\/\/alepposhop.eu\/de\/wp-json\/wp\/v2\/product\/8896"}],"collection":[{"href":"https:\/\/alepposhop.eu\/de\/wp-json\/wp\/v2\/product"}],"about":[{"href":"https:\/\/alepposhop.eu\/de\/wp-json\/wp\/v2\/types\/product"}],"wp:featuredmedia":[{"embeddable":true,"href":"https:\/\/alepposhop.eu\/de\/wp-json\/wp\/v2\/media\/6211"}],"wp:attachment":[{"href":"https:\/\/alepposhop.eu\/de\/wp-json\/wp\/v2\/media?parent=8896"}],"wp:term":[{"taxonomy":"product_brand","embeddable":true,"href":"https:\/\/alepposhop.eu\/de\/wp-json\/wp\/v2\/product_brand?post=8896"},{"taxonomy":"product_cat","embeddable":true,"href":"https:\/\/alepposhop.eu\/de\/wp-json\/wp\/v2\/product_cat?post=8896"},{"taxonomy":"product_tag","embeddable":true,"href":"https:\/\/alepposhop.eu\/de\/wp-json\/wp\/v2\/product_tag?post=8896"}],"curies":[{"name":"wp","href":"https:\/\/api.w.org\/{rel}","templated":true}]}}