{"id":8900,"date":"2021-07-11T00:11:54","date_gmt":"2021-06-20T22:04:42","guid":{"rendered":"http:\/\/alepposhop.eu\/product\/unkategorisiert\/arabischer-schafe-ghee\/"},"modified":"2025-01-22T22:18:08","modified_gmt":"2025-01-22T21:18:08","slug":"arabischer-schafe-ghee","status":"publish","type":"product","link":"https:\/\/alepposhop.eu\/de\/arabischer-schafe-ghee\/","title":{"rendered":"Arabisches Schafs-Ghee"},"content":{"rendered":"<p style=\"text-align: center\">\u00a0Gewicht : 500g<\/p>\n<p style=\"text-align: center\">Arabisches Schafs-Ghee (Samin Hadidi) ist ein aus frischer Schafsmilch gewonnenes Fett, das in Lebensmitteln, S\u00fc\u00dfigkeiten und Geb\u00e4ck verwendet wird.<\/p>\n<p style=\"text-align: center\">\n","protected":false},"excerpt":{"rendered":"<p>Arabische Schafe, Arabien<\/p>\n","protected":false},"featured_media":6215,"template":"","meta":[],"product_brand":[],"product_cat":[68],"product_tag":[],"class_list":{"0":"post-8900","1":"product","2":"type-product","3":"status-publish","4":"has-post-thumbnail","6":"product_cat-lebensmittelversorgung","8":"first","9":"instock","10":"taxable","11":"shipping-taxable","12":"purchasable","13":"product-type-simple"},"_links":{"self":[{"href":"https:\/\/alepposhop.eu\/de\/wp-json\/wp\/v2\/product\/8900"}],"collection":[{"href":"https:\/\/alepposhop.eu\/de\/wp-json\/wp\/v2\/product"}],"about":[{"href":"https:\/\/alepposhop.eu\/de\/wp-json\/wp\/v2\/types\/product"}],"wp:featuredmedia":[{"embeddable":true,"href":"https:\/\/alepposhop.eu\/de\/wp-json\/wp\/v2\/media\/6215"}],"wp:attachment":[{"href":"https:\/\/alepposhop.eu\/de\/wp-json\/wp\/v2\/media?parent=8900"}],"wp:term":[{"taxonomy":"product_brand","embeddable":true,"href":"https:\/\/alepposhop.eu\/de\/wp-json\/wp\/v2\/product_brand?post=8900"},{"taxonomy":"product_cat","embeddable":true,"href":"https:\/\/alepposhop.eu\/de\/wp-json\/wp\/v2\/product_cat?post=8900"},{"taxonomy":"product_tag","embeddable":true,"href":"https:\/\/alepposhop.eu\/de\/wp-json\/wp\/v2\/product_tag?post=8900"}],"curies":[{"name":"wp","href":"https:\/\/api.w.org\/{rel}","templated":true}]}}