{"id":8912,"date":"2021-06-03T22:03:55","date_gmt":"2021-07-09T06:33:25","guid":{"rendered":"http:\/\/alepposhop.eu\/product\/unkategorisiert\/weiche-molokhia-trockene-malve\/"},"modified":"2024-09-16T08:36:30","modified_gmt":"2024-09-16T06:36:30","slug":"weiche-molokhia-trockene-malve","status":"publish","type":"product","link":"https:\/\/alepposhop.eu\/de\/weiche-molokhia-trockene-malve\/","title":{"rendered":"Feine Molokhia (trockene Malve)"},"content":{"rendered":"<p style=\"text-align: center\">Gewicht: 250 g<\/p>\n<p style=\"text-align: center\">Molokhia ist ein beliebtes arabisches Gericht, das Tausende von Jahren alt ist. Es ist eines der ber\u00fchmtesten Gerichte auf arabischen Tischen<\/p>\n<p style=\"text-align: center\">Handgemahlene Malvenbl\u00e4tter nach dem Waschen und Trocknen<\/p>\n<p style=\"text-align: center\">Feine Molokhia ist eines der ber\u00fchmten arabischen Gerichte, das wichtige Mineral- und Vitaminquellen f\u00fcr den K\u00f6rper enth\u00e4lt<\/p>\n<p style=\"text-align: center\">Hausgemacht<\/p>\n","protected":false},"excerpt":{"rendered":"<p>Molukhia weich, abrasiv, getrocknete mallow<\/p>\n","protected":false},"featured_media":33504,"template":"","meta":[],"product_brand":[],"product_cat":[68],"product_tag":[],"class_list":{"0":"post-8912","1":"product","2":"type-product","3":"status-publish","4":"has-post-thumbnail","6":"product_cat-lebensmittelversorgung","8":"first","9":"instock","10":"taxable","11":"shipping-taxable","12":"purchasable","13":"product-type-simple"},"_links":{"self":[{"href":"https:\/\/alepposhop.eu\/de\/wp-json\/wp\/v2\/product\/8912"}],"collection":[{"href":"https:\/\/alepposhop.eu\/de\/wp-json\/wp\/v2\/product"}],"about":[{"href":"https:\/\/alepposhop.eu\/de\/wp-json\/wp\/v2\/types\/product"}],"wp:featuredmedia":[{"embeddable":true,"href":"https:\/\/alepposhop.eu\/de\/wp-json\/wp\/v2\/media\/33504"}],"wp:attachment":[{"href":"https:\/\/alepposhop.eu\/de\/wp-json\/wp\/v2\/media?parent=8912"}],"wp:term":[{"taxonomy":"product_brand","embeddable":true,"href":"https:\/\/alepposhop.eu\/de\/wp-json\/wp\/v2\/product_brand?post=8912"},{"taxonomy":"product_cat","embeddable":true,"href":"https:\/\/alepposhop.eu\/de\/wp-json\/wp\/v2\/product_cat?post=8912"},{"taxonomy":"product_tag","embeddable":true,"href":"https:\/\/alepposhop.eu\/de\/wp-json\/wp\/v2\/product_tag?post=8912"}],"curies":[{"name":"wp","href":"https:\/\/api.w.org\/{rel}","templated":true}]}}