{"id":8916,"date":"2021-06-08T17:17:55","date_gmt":"2021-07-20T18:11:48","guid":{"rendered":"http:\/\/alepposhop.eu\/product\/unkategorisiert\/traubenblaetter\/"},"modified":"2026-02-01T23:21:34","modified_gmt":"2026-02-01T22:21:34","slug":"traubenblaetter","status":"publish","type":"product","link":"https:\/\/alepposhop.eu\/de\/traubenblaetter\/","title":{"rendered":"Weinbl\u00e4tter"},"content":{"rendered":"<p style=\"text-align: center\">Gewicht: 1000 g<\/p>\n<p style=\"text-align: center\">Weinbl\u00e4tter sind frei von St\u00e4bchen und werden in Salzwasser gelagert. Weinbl\u00e4tter werden in vielen Gerichten verwendet, wie z. B. (Al-Yabraq und Al-Ylangi). Und andere Pflanzen, gef\u00fcllt mit Reis, Gem\u00fcse, Gew\u00fcrzen, manchmal Fleisch und mehr.\u201c<\/p>\n<p style=\"text-align: center\">hausgemacht<\/p>\n","protected":false},"excerpt":{"rendered":"<p>Papier, Witze<\/p>\n","protected":false},"featured_media":6231,"template":"","meta":[],"product_brand":[],"product_cat":[68],"product_tag":[],"class_list":{"0":"post-8916","1":"product","2":"type-product","3":"status-publish","4":"has-post-thumbnail","6":"product_cat-lebensmittelversorgung","8":"first","9":"instock","10":"taxable","11":"shipping-taxable","12":"purchasable","13":"product-type-simple"},"_links":{"self":[{"href":"https:\/\/alepposhop.eu\/de\/wp-json\/wp\/v2\/product\/8916"}],"collection":[{"href":"https:\/\/alepposhop.eu\/de\/wp-json\/wp\/v2\/product"}],"about":[{"href":"https:\/\/alepposhop.eu\/de\/wp-json\/wp\/v2\/types\/product"}],"wp:featuredmedia":[{"embeddable":true,"href":"https:\/\/alepposhop.eu\/de\/wp-json\/wp\/v2\/media\/6231"}],"wp:attachment":[{"href":"https:\/\/alepposhop.eu\/de\/wp-json\/wp\/v2\/media?parent=8916"}],"wp:term":[{"taxonomy":"product_brand","embeddable":true,"href":"https:\/\/alepposhop.eu\/de\/wp-json\/wp\/v2\/product_brand?post=8916"},{"taxonomy":"product_cat","embeddable":true,"href":"https:\/\/alepposhop.eu\/de\/wp-json\/wp\/v2\/product_cat?post=8916"},{"taxonomy":"product_tag","embeddable":true,"href":"https:\/\/alepposhop.eu\/de\/wp-json\/wp\/v2\/product_tag?post=8916"}],"curies":[{"name":"wp","href":"https:\/\/api.w.org\/{rel}","templated":true}]}}