{"id":8920,"date":"2021-05-14T21:03:16","date_gmt":"2021-06-01T06:16:57","guid":{"rendered":"http:\/\/alepposhop.eu\/product\/unkategorisiert\/friezu\/"},"modified":"2026-02-10T11:39:26","modified_gmt":"2026-02-10T10:39:26","slug":"friezu","status":"publish","type":"product","link":"https:\/\/alepposhop.eu\/de\/friezu\/","title":{"rendered":"Freekeh"},"content":{"rendered":"<p style=\"text-align: center\">\u00a0Gewicht : 1000g<\/p>\n<p style=\"text-align: center\">FreeKeh ist Weizen, der geerntet wird, w\u00e4hrend es immer noch gr\u00fcn ist und wegen seiner hohen Luftfeuchtigkeit nicht in der Regel nicht w\u00e4hrend des Handbraten auf Holz brennen, um einen rauchigen Geschmack zu haben.<\/p>\n<p style=\"text-align: center\">\n","protected":false},"excerpt":{"rendered":"<p>Weizenkorn, Sanit\u00e4r, Burger<\/p>\n","protected":false},"featured_media":6235,"template":"","meta":[],"product_brand":[],"product_cat":[4757],"product_tag":[],"class_list":{"0":"post-8920","1":"product","2":"type-product","3":"status-publish","4":"has-post-thumbnail","6":"product_cat-getreide","8":"first","9":"instock","10":"taxable","11":"shipping-taxable","12":"purchasable","13":"product-type-simple"},"_links":{"self":[{"href":"https:\/\/alepposhop.eu\/de\/wp-json\/wp\/v2\/product\/8920"}],"collection":[{"href":"https:\/\/alepposhop.eu\/de\/wp-json\/wp\/v2\/product"}],"about":[{"href":"https:\/\/alepposhop.eu\/de\/wp-json\/wp\/v2\/types\/product"}],"wp:featuredmedia":[{"embeddable":true,"href":"https:\/\/alepposhop.eu\/de\/wp-json\/wp\/v2\/media\/6235"}],"wp:attachment":[{"href":"https:\/\/alepposhop.eu\/de\/wp-json\/wp\/v2\/media?parent=8920"}],"wp:term":[{"taxonomy":"product_brand","embeddable":true,"href":"https:\/\/alepposhop.eu\/de\/wp-json\/wp\/v2\/product_brand?post=8920"},{"taxonomy":"product_cat","embeddable":true,"href":"https:\/\/alepposhop.eu\/de\/wp-json\/wp\/v2\/product_cat?post=8920"},{"taxonomy":"product_tag","embeddable":true,"href":"https:\/\/alepposhop.eu\/de\/wp-json\/wp\/v2\/product_tag?post=8920"}],"curies":[{"name":"wp","href":"https:\/\/api.w.org\/{rel}","templated":true}]}}