{"id":8924,"date":"2021-05-19T01:53:11","date_gmt":"2021-07-16T03:50:44","guid":{"rendered":"http:\/\/alepposhop.eu\/product\/unkategorisiert\/griess\/"},"modified":"2022-12-25T23:52:52","modified_gmt":"2022-12-25T22:52:52","slug":"griess","status":"publish","type":"product","link":"https:\/\/alepposhop.eu\/de\/griess\/","title":{"rendered":"Grie\u00df"},"content":{"rendered":"<p style=\"text-align: center\">\u00a0Gewicht : 500g<\/p>\n<p style=\"text-align: center\">Weizenkorn gewidmet, um S\u00fc\u00dfigkeiten und andere Lebensmittel zu machen<\/p>\n<p style=\"text-align: center\">\n","protected":false},"excerpt":{"rendered":"<p>Smed, Mamonian, Fr\u00fchst\u00fcck, S\u00fc\u00dfigkeiten, Weizen<\/p>\n","protected":false},"featured_media":6239,"template":"","meta":[],"product_brand":[],"product_cat":[4757],"product_tag":[],"class_list":{"0":"post-8924","1":"product","2":"type-product","3":"status-publish","4":"has-post-thumbnail","6":"product_cat-getreide","8":"first","9":"instock","10":"taxable","11":"shipping-taxable","12":"purchasable","13":"product-type-simple"},"_links":{"self":[{"href":"https:\/\/alepposhop.eu\/de\/wp-json\/wp\/v2\/product\/8924"}],"collection":[{"href":"https:\/\/alepposhop.eu\/de\/wp-json\/wp\/v2\/product"}],"about":[{"href":"https:\/\/alepposhop.eu\/de\/wp-json\/wp\/v2\/types\/product"}],"wp:featuredmedia":[{"embeddable":true,"href":"https:\/\/alepposhop.eu\/de\/wp-json\/wp\/v2\/media\/6239"}],"wp:attachment":[{"href":"https:\/\/alepposhop.eu\/de\/wp-json\/wp\/v2\/media?parent=8924"}],"wp:term":[{"taxonomy":"product_brand","embeddable":true,"href":"https:\/\/alepposhop.eu\/de\/wp-json\/wp\/v2\/product_brand?post=8924"},{"taxonomy":"product_cat","embeddable":true,"href":"https:\/\/alepposhop.eu\/de\/wp-json\/wp\/v2\/product_cat?post=8924"},{"taxonomy":"product_tag","embeddable":true,"href":"https:\/\/alepposhop.eu\/de\/wp-json\/wp\/v2\/product_tag?post=8924"}],"curies":[{"name":"wp","href":"https:\/\/api.w.org\/{rel}","templated":true}]}}