{"id":8928,"date":"2021-05-22T14:08:12","date_gmt":"2021-05-30T08:34:38","guid":{"rendered":"http:\/\/alepposhop.eu\/product\/unkategorisiert\/rohe-walnuesse\/"},"modified":"2022-05-10T13:37:31","modified_gmt":"2022-05-10T11:37:31","slug":"rohe-walnuesse","status":"publish","type":"product","link":"https:\/\/alepposhop.eu\/de\/rohe-walnuesse\/","title":{"rendered":"Rohe Waln\u00fcsse"},"content":{"rendered":"<p style=\"text-align: center;\">\u00a0Gewicht : 250 g<\/p>\n<p style=\"text-align: center;\">Waln\u00fcsse sind eines der Lebensmittel, die reich an Kalorien und viele n\u00fctzliche N\u00e4hrstoffe sind. Serviert in vielen k\u00f6stlichen Gerichten und Desserts<\/p>\n<p style=\"text-align: center;\">\n","protected":false},"excerpt":{"rendered":"<p>Nuss, N\u00fcsse, max<\/p>\n","protected":false},"featured_media":6243,"template":"","meta":[],"product_brand":[],"product_cat":[71],"product_tag":[],"class_list":{"0":"post-8928","1":"product","2":"type-product","3":"status-publish","4":"has-post-thumbnail","6":"product_cat-nusse-und-samen","8":"first","9":"instock","10":"taxable","11":"shipping-taxable","12":"purchasable","13":"product-type-simple"},"_links":{"self":[{"href":"https:\/\/alepposhop.eu\/de\/wp-json\/wp\/v2\/product\/8928"}],"collection":[{"href":"https:\/\/alepposhop.eu\/de\/wp-json\/wp\/v2\/product"}],"about":[{"href":"https:\/\/alepposhop.eu\/de\/wp-json\/wp\/v2\/types\/product"}],"wp:featuredmedia":[{"embeddable":true,"href":"https:\/\/alepposhop.eu\/de\/wp-json\/wp\/v2\/media\/6243"}],"wp:attachment":[{"href":"https:\/\/alepposhop.eu\/de\/wp-json\/wp\/v2\/media?parent=8928"}],"wp:term":[{"taxonomy":"product_brand","embeddable":true,"href":"https:\/\/alepposhop.eu\/de\/wp-json\/wp\/v2\/product_brand?post=8928"},{"taxonomy":"product_cat","embeddable":true,"href":"https:\/\/alepposhop.eu\/de\/wp-json\/wp\/v2\/product_cat?post=8928"},{"taxonomy":"product_tag","embeddable":true,"href":"https:\/\/alepposhop.eu\/de\/wp-json\/wp\/v2\/product_tag?post=8928"}],"curies":[{"name":"wp","href":"https:\/\/api.w.org\/{rel}","templated":true}]}}