{"id":8936,"date":"2021-06-13T11:28:02","date_gmt":"2021-05-17T05:17:45","guid":{"rendered":"http:\/\/alepposhop.eu\/product\/unkategorisiert\/raw-pistachio-entabi\/"},"modified":"2026-02-13T20:25:00","modified_gmt":"2026-02-13T19:25:00","slug":"raw-pistachio-entabi","status":"publish","type":"product","link":"https:\/\/alepposhop.eu\/de\/raw-pistachio-entabi\/","title":{"rendered":"Rohe Pistazie Super Extra (Entabi)"},"content":{"rendered":"<p style=\"text-align: center\">\u00a0Gewicht : 100 g<\/p>\n<p style=\"text-align: center\">Pistazien sind kr\u00e4ftige, unger\u00f6stete, ungesalzene Premiumn\u00fcsse mit reichhaltigem Geschmack. Sie sind eine reichhaltige Quelle von Antioxidantien und einer Reihe n\u00fctzlicher N\u00e4hrstoffe und werden haupts\u00e4chlich in vielen herzhaften Gerichten, Desserts und Dekorationen verwendet.<\/p>\n<p style=\"text-align: center\">\n","protected":false},"excerpt":{"rendered":"<p>Pistazien Halabi NA, ein nicht ger\u00f6steter Pistazien, der Pistazien Halabi ist nicht gesalzen, Ashouri, Malaki, N\u00fcsse, kulinarisch<\/p>\n","protected":false},"featured_media":6251,"template":"","meta":[],"product_brand":[],"product_cat":[71],"product_tag":[],"class_list":{"0":"post-8936","1":"product","2":"type-product","3":"status-publish","4":"has-post-thumbnail","6":"product_cat-nusse-und-samen","8":"first","9":"instock","10":"taxable","11":"shipping-taxable","12":"purchasable","13":"product-type-simple"},"_links":{"self":[{"href":"https:\/\/alepposhop.eu\/de\/wp-json\/wp\/v2\/product\/8936"}],"collection":[{"href":"https:\/\/alepposhop.eu\/de\/wp-json\/wp\/v2\/product"}],"about":[{"href":"https:\/\/alepposhop.eu\/de\/wp-json\/wp\/v2\/types\/product"}],"wp:featuredmedia":[{"embeddable":true,"href":"https:\/\/alepposhop.eu\/de\/wp-json\/wp\/v2\/media\/6251"}],"wp:attachment":[{"href":"https:\/\/alepposhop.eu\/de\/wp-json\/wp\/v2\/media?parent=8936"}],"wp:term":[{"taxonomy":"product_brand","embeddable":true,"href":"https:\/\/alepposhop.eu\/de\/wp-json\/wp\/v2\/product_brand?post=8936"},{"taxonomy":"product_cat","embeddable":true,"href":"https:\/\/alepposhop.eu\/de\/wp-json\/wp\/v2\/product_cat?post=8936"},{"taxonomy":"product_tag","embeddable":true,"href":"https:\/\/alepposhop.eu\/de\/wp-json\/wp\/v2\/product_tag?post=8936"}],"curies":[{"name":"wp","href":"https:\/\/api.w.org\/{rel}","templated":true}]}}