{"id":8940,"date":"2021-07-21T21:17:23","date_gmt":"2021-05-16T20:54:06","guid":{"rendered":"http:\/\/alepposhop.eu\/product\/unkategorisiert\/raw-pistachio-extra\/"},"modified":"2026-02-13T20:21:27","modified_gmt":"2026-02-13T19:21:27","slug":"raw-pistachio-extra","status":"publish","type":"product","link":"https:\/\/alepposhop.eu\/de\/raw-pistachio-extra\/","title":{"rendered":"RAW PISTACHIO (EXTRA)"},"content":{"rendered":"<p style=\"text-align: center\">\u00a0Gewicht : 100 g<\/p>\n<p style=\"text-align: center\">Zus\u00e4tzliche Pistazien mit intensivem Geschmack ist unger\u00f6stet und ungesalzen. Es ist eine reiche Antioxidationsquelle und eine Gruppe von vorteilhaften N\u00e4hrstoffverbindungen. Es wird in vielen k\u00f6stlichen Gerichten, Desserts und Garnieren verwendet.<\/p>\n<p style=\"text-align: center\">\n","protected":false},"excerpt":{"rendered":"<p>Pistazien Halabi NA, ein nicht ger\u00f6steter Pistazien, der Pistazien Halabi ist nicht gesalzen, Ashouri, Malaki, N\u00fcsse, kulinarisch<\/p>\n","protected":false},"featured_media":6255,"template":"","meta":[],"product_brand":[],"product_cat":[71],"product_tag":[],"class_list":{"0":"post-8940","1":"product","2":"type-product","3":"status-publish","4":"has-post-thumbnail","6":"product_cat-nusse-und-samen","8":"first","9":"instock","10":"taxable","11":"shipping-taxable","12":"purchasable","13":"product-type-simple"},"_links":{"self":[{"href":"https:\/\/alepposhop.eu\/de\/wp-json\/wp\/v2\/product\/8940"}],"collection":[{"href":"https:\/\/alepposhop.eu\/de\/wp-json\/wp\/v2\/product"}],"about":[{"href":"https:\/\/alepposhop.eu\/de\/wp-json\/wp\/v2\/types\/product"}],"wp:featuredmedia":[{"embeddable":true,"href":"https:\/\/alepposhop.eu\/de\/wp-json\/wp\/v2\/media\/6255"}],"wp:attachment":[{"href":"https:\/\/alepposhop.eu\/de\/wp-json\/wp\/v2\/media?parent=8940"}],"wp:term":[{"taxonomy":"product_brand","embeddable":true,"href":"https:\/\/alepposhop.eu\/de\/wp-json\/wp\/v2\/product_brand?post=8940"},{"taxonomy":"product_cat","embeddable":true,"href":"https:\/\/alepposhop.eu\/de\/wp-json\/wp\/v2\/product_cat?post=8940"},{"taxonomy":"product_tag","embeddable":true,"href":"https:\/\/alepposhop.eu\/de\/wp-json\/wp\/v2\/product_tag?post=8940"}],"curies":[{"name":"wp","href":"https:\/\/api.w.org\/{rel}","templated":true}]}}