{"id":8944,"date":"2021-06-23T08:41:06","date_gmt":"2021-05-30T21:19:32","guid":{"rendered":"http:\/\/alepposhop.eu\/product\/unkategorisiert\/elle-gewuerze-soda\/"},"modified":"2024-12-15T23:30:34","modified_gmt":"2024-12-15T22:30:34","slug":"elle-gewuerze-soda","status":"publish","type":"product","link":"https:\/\/alepposhop.eu\/de\/elle-gewuerze-soda\/","title":{"rendered":"Elle faksa (Soda)"},"content":{"rendered":"<p style=\"text-align: center\">\u00a0Gewicht : 100 g<\/p>\n<p style=\"text-align: center\">Faksa zur Zubereitung der \u00d6l-Abschreckung f\u00fcr das ber\u00fchmte syrische Fattah-Gericht<\/p>\n<p style=\"text-align: center\">\n","protected":false},"excerpt":{"rendered":"<p>Zum M\u00fcll, Bahar, Gew\u00fcrze, Gew\u00fcrze<\/p>\n","protected":false},"featured_media":6259,"template":"","meta":[],"product_brand":[],"product_cat":[69],"product_tag":[],"class_list":{"0":"post-8944","1":"product","2":"type-product","3":"status-publish","4":"has-post-thumbnail","6":"product_cat-gewurze-und-wurzen","8":"first","9":"instock","10":"taxable","11":"shipping-taxable","12":"purchasable","13":"product-type-simple"},"_links":{"self":[{"href":"https:\/\/alepposhop.eu\/de\/wp-json\/wp\/v2\/product\/8944"}],"collection":[{"href":"https:\/\/alepposhop.eu\/de\/wp-json\/wp\/v2\/product"}],"about":[{"href":"https:\/\/alepposhop.eu\/de\/wp-json\/wp\/v2\/types\/product"}],"wp:featuredmedia":[{"embeddable":true,"href":"https:\/\/alepposhop.eu\/de\/wp-json\/wp\/v2\/media\/6259"}],"wp:attachment":[{"href":"https:\/\/alepposhop.eu\/de\/wp-json\/wp\/v2\/media?parent=8944"}],"wp:term":[{"taxonomy":"product_brand","embeddable":true,"href":"https:\/\/alepposhop.eu\/de\/wp-json\/wp\/v2\/product_brand?post=8944"},{"taxonomy":"product_cat","embeddable":true,"href":"https:\/\/alepposhop.eu\/de\/wp-json\/wp\/v2\/product_cat?post=8944"},{"taxonomy":"product_tag","embeddable":true,"href":"https:\/\/alepposhop.eu\/de\/wp-json\/wp\/v2\/product_tag?post=8944"}],"curies":[{"name":"wp","href":"https:\/\/api.w.org\/{rel}","templated":true}]}}