{"id":8952,"date":"2021-06-29T17:28:50","date_gmt":"2021-07-17T01:28:21","guid":{"rendered":"http:\/\/alepposhop.eu\/product\/unkategorisiert\/schwarzer-pfeffer-samen\/"},"modified":"2024-12-03T21:26:53","modified_gmt":"2024-12-03T20:26:53","slug":"schwarzer-pfeffer-samen","status":"publish","type":"product","link":"https:\/\/alepposhop.eu\/de\/schwarzer-pfeffer-samen\/","title":{"rendered":"Ganzer schwarzer Pfeffer"},"content":{"rendered":"<p style=\"text-align: center\">\u00a0Gewicht : 100 g<\/p>\n<p style=\"text-align: center\">Schwarzes PfefferkorSchwarzer Pfeffer wird in allen Rezepten f\u00fcr alle Arten von Gerichten und K\u00fcchen verwendet.<\/p>\n<p style=\"text-align: center\">\n","protected":false},"excerpt":{"rendered":"<p>Gew\u00fcrze, Gew\u00fcrze, S\u00fc\u00dfe Behaa, Gem\u00fcse Pfeffer, Pfeffer<\/p>\n","protected":false},"featured_media":6267,"template":"","meta":[],"product_brand":[],"product_cat":[69],"product_tag":[],"class_list":{"0":"post-8952","1":"product","2":"type-product","3":"status-publish","4":"has-post-thumbnail","6":"product_cat-gewurze-und-wurzen","8":"first","9":"instock","10":"taxable","11":"shipping-taxable","12":"purchasable","13":"product-type-simple"},"_links":{"self":[{"href":"https:\/\/alepposhop.eu\/de\/wp-json\/wp\/v2\/product\/8952"}],"collection":[{"href":"https:\/\/alepposhop.eu\/de\/wp-json\/wp\/v2\/product"}],"about":[{"href":"https:\/\/alepposhop.eu\/de\/wp-json\/wp\/v2\/types\/product"}],"wp:featuredmedia":[{"embeddable":true,"href":"https:\/\/alepposhop.eu\/de\/wp-json\/wp\/v2\/media\/6267"}],"wp:attachment":[{"href":"https:\/\/alepposhop.eu\/de\/wp-json\/wp\/v2\/media?parent=8952"}],"wp:term":[{"taxonomy":"product_brand","embeddable":true,"href":"https:\/\/alepposhop.eu\/de\/wp-json\/wp\/v2\/product_brand?post=8952"},{"taxonomy":"product_cat","embeddable":true,"href":"https:\/\/alepposhop.eu\/de\/wp-json\/wp\/v2\/product_cat?post=8952"},{"taxonomy":"product_tag","embeddable":true,"href":"https:\/\/alepposhop.eu\/de\/wp-json\/wp\/v2\/product_tag?post=8952"}],"curies":[{"name":"wp","href":"https:\/\/api.w.org\/{rel}","templated":true}]}}