{"id":8956,"date":"2021-08-10T23:44:01","date_gmt":"2021-05-30T08:33:23","guid":{"rendered":"http:\/\/alepposhop.eu\/product\/unkategorisiert\/wurstgewuerze\/"},"modified":"2024-12-09T01:40:25","modified_gmt":"2024-12-09T00:40:25","slug":"wurstgewuerze","status":"publish","type":"product","link":"https:\/\/alepposhop.eu\/de\/wurstgewuerze\/","title":{"rendered":"Wurstgew\u00fcrze"},"content":{"rendered":"<p style=\"text-align: center\">\u00a0Gewicht : 100 g<\/p>\n<p style=\"text-align: center\">Wurstgew\u00fcrze \u2013 Eine Mischung aromatischer Gew\u00fcrze zur Zubereitung der k\u00f6stlichsten Wurst mit einem reichhaltigen und k\u00f6stlichen Geschmack. Ideal, um Ihren Rezepten eine unverwechselbare orientalische Note zu verleihen. Es kann f\u00fcr F\u00fcllungen oder in Hauptgerichten verwendet werden.<\/p>\n<p style=\"text-align: center\">\n","protected":false},"excerpt":{"rendered":"<p>Gew\u00fcrze, Gew\u00fcrze, Wurstgew\u00fcrze, Wurstgew\u00fcrze<\/p>\n","protected":false},"featured_media":6271,"template":"","meta":[],"product_brand":[],"product_cat":[69],"product_tag":[],"class_list":{"0":"post-8956","1":"product","2":"type-product","3":"status-publish","4":"has-post-thumbnail","6":"product_cat-gewurze-und-wurzen","8":"first","9":"instock","10":"taxable","11":"shipping-taxable","12":"purchasable","13":"product-type-simple"},"_links":{"self":[{"href":"https:\/\/alepposhop.eu\/de\/wp-json\/wp\/v2\/product\/8956"}],"collection":[{"href":"https:\/\/alepposhop.eu\/de\/wp-json\/wp\/v2\/product"}],"about":[{"href":"https:\/\/alepposhop.eu\/de\/wp-json\/wp\/v2\/types\/product"}],"wp:featuredmedia":[{"embeddable":true,"href":"https:\/\/alepposhop.eu\/de\/wp-json\/wp\/v2\/media\/6271"}],"wp:attachment":[{"href":"https:\/\/alepposhop.eu\/de\/wp-json\/wp\/v2\/media?parent=8956"}],"wp:term":[{"taxonomy":"product_brand","embeddable":true,"href":"https:\/\/alepposhop.eu\/de\/wp-json\/wp\/v2\/product_brand?post=8956"},{"taxonomy":"product_cat","embeddable":true,"href":"https:\/\/alepposhop.eu\/de\/wp-json\/wp\/v2\/product_cat?post=8956"},{"taxonomy":"product_tag","embeddable":true,"href":"https:\/\/alepposhop.eu\/de\/wp-json\/wp\/v2\/product_tag?post=8956"}],"curies":[{"name":"wp","href":"https:\/\/api.w.org\/{rel}","templated":true}]}}