{"id":8964,"date":"2021-06-10T08:16:18","date_gmt":"2021-07-23T23:19:20","guid":{"rendered":"http:\/\/alepposhop.eu\/product\/unkategorisiert\/shawarma-gewuerze\/"},"modified":"2024-12-09T22:22:24","modified_gmt":"2024-12-09T21:22:24","slug":"shawarma-gewuerze","status":"publish","type":"product","link":"https:\/\/alepposhop.eu\/de\/shawarma-gewuerze\/","title":{"rendered":"Shawarmagew\u00fcrze"},"content":{"rendered":"<p style=\"text-align: center\">\u00a0Gewicht : 100 g<\/p>\n<p style=\"text-align: center\">Syrische Shawarmagew\u00fcrze, das Geheimnis authentischen Geschmacks! Eine reichhaltige Mischung aus unverwechselbaren Gew\u00fcrzen zur Zubereitung von syrischem Schawarma mit einem unwiderstehlichen traditionellen Geschmack. Ideal zum W\u00fcrzen von H\u00fchnchen oder Fleisch, um den authentischen levantinischen Geschmack zu erhalten<\/p>\n<p style=\"text-align: center\">\n","protected":false},"excerpt":{"rendered":"<p>Bahar Shawerma, Shwarma-Gew\u00fcrz, Shawarma, Gew\u00fcrze, Gew\u00fcrze<\/p>\n","protected":false},"featured_media":6279,"template":"","meta":[],"product_brand":[],"product_cat":[69],"product_tag":[],"class_list":{"0":"post-8964","1":"product","2":"type-product","3":"status-publish","4":"has-post-thumbnail","6":"product_cat-gewurze-und-wurzen","8":"first","9":"instock","10":"taxable","11":"shipping-taxable","12":"purchasable","13":"product-type-simple"},"_links":{"self":[{"href":"https:\/\/alepposhop.eu\/de\/wp-json\/wp\/v2\/product\/8964"}],"collection":[{"href":"https:\/\/alepposhop.eu\/de\/wp-json\/wp\/v2\/product"}],"about":[{"href":"https:\/\/alepposhop.eu\/de\/wp-json\/wp\/v2\/types\/product"}],"wp:featuredmedia":[{"embeddable":true,"href":"https:\/\/alepposhop.eu\/de\/wp-json\/wp\/v2\/media\/6279"}],"wp:attachment":[{"href":"https:\/\/alepposhop.eu\/de\/wp-json\/wp\/v2\/media?parent=8964"}],"wp:term":[{"taxonomy":"product_brand","embeddable":true,"href":"https:\/\/alepposhop.eu\/de\/wp-json\/wp\/v2\/product_brand?post=8964"},{"taxonomy":"product_cat","embeddable":true,"href":"https:\/\/alepposhop.eu\/de\/wp-json\/wp\/v2\/product_cat?post=8964"},{"taxonomy":"product_tag","embeddable":true,"href":"https:\/\/alepposhop.eu\/de\/wp-json\/wp\/v2\/product_tag?post=8964"}],"curies":[{"name":"wp","href":"https:\/\/api.w.org\/{rel}","templated":true}]}}