{"id":8968,"date":"2021-08-10T08:13:44","date_gmt":"2021-08-10T14:39:42","guid":{"rendered":"http:\/\/alepposhop.eu\/product\/unkategorisiert\/curry-gewuerze\/"},"modified":"2024-12-15T23:39:26","modified_gmt":"2024-12-15T22:39:26","slug":"curry-gewuerze","status":"publish","type":"product","link":"https:\/\/alepposhop.eu\/de\/curry-gewuerze\/","title":{"rendered":"S\u00fc\u00df Currypulver"},"content":{"rendered":"<p style=\"text-align: center\">\u00a0Gewicht : 100 g<\/p>\n<p style=\"text-align: center\">Currypulver ist eine Mischung aus vielen Gew\u00fcrzen, die entwickelt wurde, um den indischen und den orientalischen Geschmack verschiedener Gerichte n\u00e4her zusammenzubringen.<\/p>\n<p style=\"text-align: center\">\n","protected":false},"excerpt":{"rendered":"<p>Gew\u00fcrze, Gew\u00fcrze, Curry, Curry-Gew\u00fcrze, Curry-Gew\u00fcrze<\/p>\n","protected":false},"featured_media":6283,"template":"","meta":[],"product_brand":[],"product_cat":[69],"product_tag":[],"class_list":{"0":"post-8968","1":"product","2":"type-product","3":"status-publish","4":"has-post-thumbnail","6":"product_cat-gewurze-und-wurzen","8":"first","9":"instock","10":"taxable","11":"shipping-taxable","12":"purchasable","13":"product-type-simple"},"_links":{"self":[{"href":"https:\/\/alepposhop.eu\/de\/wp-json\/wp\/v2\/product\/8968"}],"collection":[{"href":"https:\/\/alepposhop.eu\/de\/wp-json\/wp\/v2\/product"}],"about":[{"href":"https:\/\/alepposhop.eu\/de\/wp-json\/wp\/v2\/types\/product"}],"wp:featuredmedia":[{"embeddable":true,"href":"https:\/\/alepposhop.eu\/de\/wp-json\/wp\/v2\/media\/6283"}],"wp:attachment":[{"href":"https:\/\/alepposhop.eu\/de\/wp-json\/wp\/v2\/media?parent=8968"}],"wp:term":[{"taxonomy":"product_brand","embeddable":true,"href":"https:\/\/alepposhop.eu\/de\/wp-json\/wp\/v2\/product_brand?post=8968"},{"taxonomy":"product_cat","embeddable":true,"href":"https:\/\/alepposhop.eu\/de\/wp-json\/wp\/v2\/product_cat?post=8968"},{"taxonomy":"product_tag","embeddable":true,"href":"https:\/\/alepposhop.eu\/de\/wp-json\/wp\/v2\/product_tag?post=8968"}],"curies":[{"name":"wp","href":"https:\/\/api.w.org\/{rel}","templated":true}]}}