{"id":8972,"date":"2021-08-04T17:10:01","date_gmt":"2021-07-25T11:51:44","guid":{"rendered":"http:\/\/alepposhop.eu\/product\/unkategorisiert\/kabsa-gewuerze\/"},"modified":"2024-12-16T00:05:18","modified_gmt":"2024-12-15T23:05:18","slug":"kabsa-gewuerze","status":"publish","type":"product","link":"https:\/\/alepposhop.eu\/de\/kabsa-gewuerze\/","title":{"rendered":"Kabsa Gew\u00fcrze."},"content":{"rendered":"<p style=\"text-align: center\">\u00a0Gewicht : 100 g<\/p>\n<p style=\"text-align: center\">Kabsa-Gew\u00fcrze f\u00fcr die Zubereitung des ber\u00fchmten Kabsa-Gerichts in Saudi-Arabien und im Nahen Osten. Es handelt sich um eine Mahlzeit, die haupts\u00e4chlich aus Langkornreis besteht und h\u00e4ufig mit Lamm, Ziegenfleisch oder Huhn sowie Fleisch, Ghee, N\u00fcssen usw. zubereitet wird Rosinen werden dazu gelegt.<\/p>\n<p style=\"text-align: center\">\n","protected":false},"excerpt":{"rendered":"<p>Bhards, Gew\u00fcrze, Gew\u00fcrze, Gew\u00fcrze, Gew\u00fcrze<\/p>\n","protected":false},"featured_media":6287,"template":"","meta":[],"product_brand":[],"product_cat":[69],"product_tag":[],"class_list":{"0":"post-8972","1":"product","2":"type-product","3":"status-publish","4":"has-post-thumbnail","6":"product_cat-gewurze-und-wurzen","8":"first","9":"instock","10":"taxable","11":"shipping-taxable","12":"purchasable","13":"product-type-simple"},"_links":{"self":[{"href":"https:\/\/alepposhop.eu\/de\/wp-json\/wp\/v2\/product\/8972"}],"collection":[{"href":"https:\/\/alepposhop.eu\/de\/wp-json\/wp\/v2\/product"}],"about":[{"href":"https:\/\/alepposhop.eu\/de\/wp-json\/wp\/v2\/types\/product"}],"wp:featuredmedia":[{"embeddable":true,"href":"https:\/\/alepposhop.eu\/de\/wp-json\/wp\/v2\/media\/6287"}],"wp:attachment":[{"href":"https:\/\/alepposhop.eu\/de\/wp-json\/wp\/v2\/media?parent=8972"}],"wp:term":[{"taxonomy":"product_brand","embeddable":true,"href":"https:\/\/alepposhop.eu\/de\/wp-json\/wp\/v2\/product_brand?post=8972"},{"taxonomy":"product_cat","embeddable":true,"href":"https:\/\/alepposhop.eu\/de\/wp-json\/wp\/v2\/product_cat?post=8972"},{"taxonomy":"product_tag","embeddable":true,"href":"https:\/\/alepposhop.eu\/de\/wp-json\/wp\/v2\/product_tag?post=8972"}],"curies":[{"name":"wp","href":"https:\/\/api.w.org\/{rel}","templated":true}]}}