{"id":8976,"date":"2021-06-26T14:58:38","date_gmt":"2021-07-10T23:40:23","guid":{"rendered":"http:\/\/alepposhop.eu\/product\/unkategorisiert\/knusperige-gewuerze\/"},"modified":"2024-12-09T01:28:30","modified_gmt":"2024-12-09T00:28:30","slug":"knusperige-gewuerze","status":"publish","type":"product","link":"https:\/\/alepposhop.eu\/de\/knusperige-gewuerze\/","title":{"rendered":"H\u00fchnchen Crispygew\u00fcrze"},"content":{"rendered":"<p style=\"text-align: center\">\u00a0Gewicht : 100 g<\/p>\n<p style=\"text-align: center\">H\u00fchnchen Crispygew\u00fcrze \u2013 die perfekte Mischung f\u00fcr die Zubereitung k\u00f6stlicher,H\u00fchnchen mit einem reichhaltigen, ausgewogenen Geschmack. Perfekt zum Marinieren von H\u00fchnchen oder zum Verleihen einer knusprigen Textur f\u00fcr Fingerst\u00fccke und frittierte St\u00fccke. Machen Sie jede Mahlzeit zu einem unvergesslichen Erlebnis!<\/p>\n<p style=\"text-align: center\">\n","protected":false},"excerpt":{"rendered":"<p>Gew\u00fcrze, Gew\u00fcrze, knusprige, knusprige Gew\u00fcrze, knuspriges<\/p>\n","protected":false},"featured_media":6291,"template":"","meta":[],"product_brand":[],"product_cat":[69],"product_tag":[],"class_list":{"0":"post-8976","1":"product","2":"type-product","3":"status-publish","4":"has-post-thumbnail","6":"product_cat-gewurze-und-wurzen","8":"first","9":"instock","10":"taxable","11":"shipping-taxable","12":"purchasable","13":"product-type-simple"},"_links":{"self":[{"href":"https:\/\/alepposhop.eu\/de\/wp-json\/wp\/v2\/product\/8976"}],"collection":[{"href":"https:\/\/alepposhop.eu\/de\/wp-json\/wp\/v2\/product"}],"about":[{"href":"https:\/\/alepposhop.eu\/de\/wp-json\/wp\/v2\/types\/product"}],"wp:featuredmedia":[{"embeddable":true,"href":"https:\/\/alepposhop.eu\/de\/wp-json\/wp\/v2\/media\/6291"}],"wp:attachment":[{"href":"https:\/\/alepposhop.eu\/de\/wp-json\/wp\/v2\/media?parent=8976"}],"wp:term":[{"taxonomy":"product_brand","embeddable":true,"href":"https:\/\/alepposhop.eu\/de\/wp-json\/wp\/v2\/product_brand?post=8976"},{"taxonomy":"product_cat","embeddable":true,"href":"https:\/\/alepposhop.eu\/de\/wp-json\/wp\/v2\/product_cat?post=8976"},{"taxonomy":"product_tag","embeddable":true,"href":"https:\/\/alepposhop.eu\/de\/wp-json\/wp\/v2\/product_tag?post=8976"}],"curies":[{"name":"wp","href":"https:\/\/api.w.org\/{rel}","templated":true}]}}