{"id":8980,"date":"2021-06-14T06:34:43","date_gmt":"2021-05-17T14:43:46","guid":{"rendered":"http:\/\/alepposhop.eu\/product\/unkategorisiert\/mexano-gewuerze\/"},"modified":"2024-12-11T00:51:17","modified_gmt":"2024-12-10T23:51:17","slug":"mexano-gewuerze","status":"publish","type":"product","link":"https:\/\/alepposhop.eu\/de\/mexano-gewuerze\/","title":{"rendered":"Mexikanische Gew\u00fcrze"},"content":{"rendered":"<p style=\"text-align: center\">\u00a0Gewicht : 100 g<\/p>\n<p style=\"text-align: center\">Mexikanische Gew\u00fcrze sind eine Mischung zum W\u00fcrzen von H\u00fchnchen und Fleisch, eine der wichtigsten Zutaten ist mexikanischer Oregano<\/p>\n<p style=\"text-align: center\">\n","protected":false},"excerpt":{"rendered":"<p>Gew\u00fcrze, Gew\u00fcrze, Mexico, Mexiko-Gew\u00fcrze, mexikanische Gew\u00fcrze<\/p>\n","protected":false},"featured_media":6295,"template":"","meta":[],"product_brand":[],"product_cat":[69],"product_tag":[],"class_list":{"0":"post-8980","1":"product","2":"type-product","3":"status-publish","4":"has-post-thumbnail","6":"product_cat-gewurze-und-wurzen","8":"first","9":"instock","10":"taxable","11":"shipping-taxable","12":"purchasable","13":"product-type-simple"},"_links":{"self":[{"href":"https:\/\/alepposhop.eu\/de\/wp-json\/wp\/v2\/product\/8980"}],"collection":[{"href":"https:\/\/alepposhop.eu\/de\/wp-json\/wp\/v2\/product"}],"about":[{"href":"https:\/\/alepposhop.eu\/de\/wp-json\/wp\/v2\/types\/product"}],"wp:featuredmedia":[{"embeddable":true,"href":"https:\/\/alepposhop.eu\/de\/wp-json\/wp\/v2\/media\/6295"}],"wp:attachment":[{"href":"https:\/\/alepposhop.eu\/de\/wp-json\/wp\/v2\/media?parent=8980"}],"wp:term":[{"taxonomy":"product_brand","embeddable":true,"href":"https:\/\/alepposhop.eu\/de\/wp-json\/wp\/v2\/product_brand?post=8980"},{"taxonomy":"product_cat","embeddable":true,"href":"https:\/\/alepposhop.eu\/de\/wp-json\/wp\/v2\/product_cat?post=8980"},{"taxonomy":"product_tag","embeddable":true,"href":"https:\/\/alepposhop.eu\/de\/wp-json\/wp\/v2\/product_tag?post=8980"}],"curies":[{"name":"wp","href":"https:\/\/api.w.org\/{rel}","templated":true}]}}