{"id":8984,"date":"2021-07-02T12:33:19","date_gmt":"2021-05-28T11:52:46","guid":{"rendered":"http:\/\/alepposhop.eu\/product\/unkategorisiert\/mandi-gewuerze\/"},"modified":"2024-12-12T01:02:35","modified_gmt":"2024-12-12T00:02:35","slug":"mandi-gewuerze","status":"publish","type":"product","link":"https:\/\/alepposhop.eu\/de\/mandi-gewuerze\/","title":{"rendered":"Mandigew\u00fcrzemischung"},"content":{"rendered":"<p style=\"text-align: center\">\u00a0Gewicht : 100 g<\/p>\n<p style=\"text-align: center\">Mandi-Gew\u00fcrze verleihen dem ber\u00fchmten Mandi-Gericht einen wunderbaren Geschmack<\/p>\n<p style=\"text-align: center\">\n","protected":false},"excerpt":{"rendered":"<p>Bharat Mandy, Mandy, Mandy, gew\u00fcrzte Mandie, Gew\u00fcrze, Gew\u00fcrze<\/p>\n","protected":false},"featured_media":6299,"template":"","meta":[],"product_brand":[],"product_cat":[69],"product_tag":[],"class_list":{"0":"post-8984","1":"product","2":"type-product","3":"status-publish","4":"has-post-thumbnail","6":"product_cat-gewurze-und-wurzen","8":"first","9":"instock","10":"taxable","11":"shipping-taxable","12":"purchasable","13":"product-type-simple"},"_links":{"self":[{"href":"https:\/\/alepposhop.eu\/de\/wp-json\/wp\/v2\/product\/8984"}],"collection":[{"href":"https:\/\/alepposhop.eu\/de\/wp-json\/wp\/v2\/product"}],"about":[{"href":"https:\/\/alepposhop.eu\/de\/wp-json\/wp\/v2\/types\/product"}],"wp:featuredmedia":[{"embeddable":true,"href":"https:\/\/alepposhop.eu\/de\/wp-json\/wp\/v2\/media\/6299"}],"wp:attachment":[{"href":"https:\/\/alepposhop.eu\/de\/wp-json\/wp\/v2\/media?parent=8984"}],"wp:term":[{"taxonomy":"product_brand","embeddable":true,"href":"https:\/\/alepposhop.eu\/de\/wp-json\/wp\/v2\/product_brand?post=8984"},{"taxonomy":"product_cat","embeddable":true,"href":"https:\/\/alepposhop.eu\/de\/wp-json\/wp\/v2\/product_cat?post=8984"},{"taxonomy":"product_tag","embeddable":true,"href":"https:\/\/alepposhop.eu\/de\/wp-json\/wp\/v2\/product_tag?post=8984"}],"curies":[{"name":"wp","href":"https:\/\/api.w.org\/{rel}","templated":true}]}}